{"id":117,"date":"2018-10-18T09:42:43","date_gmt":"2018-10-18T12:42:43","guid":{"rendered":"http:\/\/franciscanos.org.br\/quemsomos\/?page_id=117"},"modified":"2018-11-06T10:07:30","modified_gmt":"2018-11-06T12:07:30","slug":"casas-de-encontros","status":"publish","type":"page","link":"https:\/\/franciscanos.org.br\/quemsomos\/casas-de-encontros\/","title":{"rendered":"Casas de encontros"},"content":{"rendered":"<p>[vc_row][vc_column width=&#8221;1\/6&#8243;][\/vc_column][vc_column width=&#8221;2\/3&#8243;][vc_basic_grid post_type=&#8221;casas&#8221; max_items=&#8221;100&#8243; element_width=&#8221;6&#8243; item=&#8221;1455&#8243; grid_id=&#8221;vc_gid:1541506028801-2c97dbb4-963d-2&#8243;][\/vc_column][vc_column width=&#8221;1\/6&#8243;][\/vc_column][\/vc_row]<\/p>\n","protected":false},"excerpt":{"rendered":"<p>[vc_row][vc_column width=&#8221;1\/6&#8243;][\/vc_column][vc_column width=&#8221;2\/3&#8243;][vc_basic_grid post_type=&#8221;casas&#8221; max_items=&#8221;100&#8243; element_width=&#8221;6&#8243; item=&#8221;1455&#8243; grid_id=&#8221;vc_gid:1541506028801-2c97dbb4-963d-2&#8243;][\/vc_column][vc_column width=&#8221;1\/6&#8243;][\/vc_column][\/vc_row]<\/p>\n","protected":false},"author":1,"featured_media":0,"parent":0,"menu_order":0,"comment_status":"closed","ping_status":"closed","template":"","meta":{"footnotes":""},"yoast_head":"<!-- This site is optimized with the Yoast SEO plugin v21.0 - https:\/\/yoast.com\/wordpress\/plugins\/seo\/ -->\n<title>Casas de encontros - Quem Somos - Franciscanos<\/title>\n<meta name=\"robots\" content=\"index, follow, max-snippet:-1, max-image-preview:large, max-video-preview:-1\" \/>\n<link rel=\"canonical\" href=\"https:\/\/franciscanos.org.br\/quemsomos\/casas-de-encontros\/\" \/>\n<meta property=\"og:locale\" content=\"pt_BR\" \/>\n<meta property=\"og:type\" content=\"article\" \/>\n<meta property=\"og:title\" content=\"Casas de encontros - Quem Somos - Franciscanos\" \/>\n<meta property=\"og:description\" content=\"[vc_row][vc_column width=&#8221;1\/6&#8243;][\/vc_column][vc_column width=&#8221;2\/3&#8243;][vc_basic_grid post_type=&#8221;casas&#8221; max_items=&#8221;100&#8243; element_width=&#8221;6&#8243; item=&#8221;1455&#8243; grid_id=&#8221;vc_gid:1541506028801-2c97dbb4-963d-2&#8243;][\/vc_column][vc_column width=&#8221;1\/6&#8243;][\/vc_column][\/vc_row]\" \/>\n<meta property=\"og:url\" content=\"https:\/\/franciscanos.org.br\/quemsomos\/casas-de-encontros\/\" \/>\n<meta property=\"og:site_name\" content=\"Quem Somos - Franciscanos\" \/>\n<meta property=\"article:modified_time\" content=\"2018-11-06T12:07:30+00:00\" \/>\n<meta name=\"twitter:card\" content=\"summary_large_image\" \/>\n<script type=\"application\/ld+json\" class=\"yoast-schema-graph\">{\"@context\":\"https:\/\/schema.org\",\"@graph\":[{\"@type\":\"WebPage\",\"@id\":\"https:\/\/franciscanos.org.br\/quemsomos\/casas-de-encontros\/\",\"url\":\"https:\/\/franciscanos.org.br\/quemsomos\/casas-de-encontros\/\",\"name\":\"Casas de encontros - Quem Somos - Franciscanos\",\"isPartOf\":{\"@id\":\"https:\/\/franciscanos.org.br\/quemsomos\/#website\"},\"datePublished\":\"2018-10-18T12:42:43+00:00\",\"dateModified\":\"2018-11-06T12:07:30+00:00\",\"breadcrumb\":{\"@id\":\"https:\/\/franciscanos.org.br\/quemsomos\/casas-de-encontros\/#breadcrumb\"},\"inLanguage\":\"pt-BR\",\"potentialAction\":[{\"@type\":\"ReadAction\",\"target\":[\"https:\/\/franciscanos.org.br\/quemsomos\/casas-de-encontros\/\"]}]},{\"@type\":\"BreadcrumbList\",\"@id\":\"https:\/\/franciscanos.org.br\/quemsomos\/casas-de-encontros\/#breadcrumb\",\"itemListElement\":[{\"@type\":\"ListItem\",\"position\":1,\"name\":\"Home\",\"item\":\"https:\/\/franciscanos.org.br\/quemsomos\/\"},{\"@type\":\"ListItem\",\"position\":2,\"name\":\"Casas de encontros\"}]},{\"@type\":\"WebSite\",\"@id\":\"https:\/\/franciscanos.org.br\/quemsomos\/#website\",\"url\":\"https:\/\/franciscanos.org.br\/quemsomos\/\",\"name\":\"Quem Somos - Franciscanos\",\"description\":\"Prov\u00edncia Franciscana da Imaculada Concei\u00e7\u00e3o do Brasil - Ordem dos Frades Menores\",\"potentialAction\":[{\"@type\":\"SearchAction\",\"target\":{\"@type\":\"EntryPoint\",\"urlTemplate\":\"https:\/\/franciscanos.org.br\/quemsomos\/?s={search_term_string}\"},\"query-input\":\"required name=search_term_string\"}],\"inLanguage\":\"pt-BR\"}]}<\/script>\n<!-- \/ Yoast SEO plugin. -->","yoast_head_json":{"title":"Casas de encontros - Quem Somos - Franciscanos","robots":{"index":"index","follow":"follow","max-snippet":"max-snippet:-1","max-image-preview":"max-image-preview:large","max-video-preview":"max-video-preview:-1"},"canonical":"https:\/\/franciscanos.org.br\/quemsomos\/casas-de-encontros\/","og_locale":"pt_BR","og_type":"article","og_title":"Casas de encontros - Quem Somos - Franciscanos","og_description":"[vc_row][vc_column width=&#8221;1\/6&#8243;][\/vc_column][vc_column width=&#8221;2\/3&#8243;][vc_basic_grid post_type=&#8221;casas&#8221; max_items=&#8221;100&#8243; element_width=&#8221;6&#8243; item=&#8221;1455&#8243; grid_id=&#8221;vc_gid:1541506028801-2c97dbb4-963d-2&#8243;][\/vc_column][vc_column width=&#8221;1\/6&#8243;][\/vc_column][\/vc_row]","og_url":"https:\/\/franciscanos.org.br\/quemsomos\/casas-de-encontros\/","og_site_name":"Quem Somos - Franciscanos","article_modified_time":"2018-11-06T12:07:30+00:00","twitter_card":"summary_large_image","schema":{"@context":"https:\/\/schema.org","@graph":[{"@type":"WebPage","@id":"https:\/\/franciscanos.org.br\/quemsomos\/casas-de-encontros\/","url":"https:\/\/franciscanos.org.br\/quemsomos\/casas-de-encontros\/","name":"Casas de encontros - Quem Somos - Franciscanos","isPartOf":{"@id":"https:\/\/franciscanos.org.br\/quemsomos\/#website"},"datePublished":"2018-10-18T12:42:43+00:00","dateModified":"2018-11-06T12:07:30+00:00","breadcrumb":{"@id":"https:\/\/franciscanos.org.br\/quemsomos\/casas-de-encontros\/#breadcrumb"},"inLanguage":"pt-BR","potentialAction":[{"@type":"ReadAction","target":["https:\/\/franciscanos.org.br\/quemsomos\/casas-de-encontros\/"]}]},{"@type":"BreadcrumbList","@id":"https:\/\/franciscanos.org.br\/quemsomos\/casas-de-encontros\/#breadcrumb","itemListElement":[{"@type":"ListItem","position":1,"name":"Home","item":"https:\/\/franciscanos.org.br\/quemsomos\/"},{"@type":"ListItem","position":2,"name":"Casas de encontros"}]},{"@type":"WebSite","@id":"https:\/\/franciscanos.org.br\/quemsomos\/#website","url":"https:\/\/franciscanos.org.br\/quemsomos\/","name":"Quem Somos - Franciscanos","description":"Prov\u00edncia Franciscana da Imaculada Concei\u00e7\u00e3o do Brasil - Ordem dos Frades Menores","potentialAction":[{"@type":"SearchAction","target":{"@type":"EntryPoint","urlTemplate":"https:\/\/franciscanos.org.br\/quemsomos\/?s={search_term_string}"},"query-input":"required name=search_term_string"}],"inLanguage":"pt-BR"}]}},"_links":{"self":[{"href":"https:\/\/franciscanos.org.br\/quemsomos\/wp-json\/wp\/v2\/pages\/117"}],"collection":[{"href":"https:\/\/franciscanos.org.br\/quemsomos\/wp-json\/wp\/v2\/pages"}],"about":[{"href":"https:\/\/franciscanos.org.br\/quemsomos\/wp-json\/wp\/v2\/types\/page"}],"author":[{"embeddable":true,"href":"https:\/\/franciscanos.org.br\/quemsomos\/wp-json\/wp\/v2\/users\/1"}],"replies":[{"embeddable":true,"href":"https:\/\/franciscanos.org.br\/quemsomos\/wp-json\/wp\/v2\/comments?post=117"}],"version-history":[{"count":0,"href":"https:\/\/franciscanos.org.br\/quemsomos\/wp-json\/wp\/v2\/pages\/117\/revisions"}],"wp:attachment":[{"href":"https:\/\/franciscanos.org.br\/quemsomos\/wp-json\/wp\/v2\/media?parent=117"}],"curies":[{"name":"wp","href":"https:\/\/api.w.org\/{rel}","templated":true}]}}