{"id":115,"date":"2018-10-18T09:42:12","date_gmt":"2018-10-18T12:42:12","guid":{"rendered":"http:\/\/franciscanos.org.br\/quemsomos\/?page_id=115"},"modified":"2021-08-31T15:21:13","modified_gmt":"2021-08-31T18:21:13","slug":"frentes-de-evangelizacao","status":"publish","type":"page","link":"https:\/\/franciscanos.org.br\/quemsomos\/frentes-de-evangelizacao\/","title":{"rendered":"Frentes de evangeliza\u00e7\u00e3o"},"content":{"rendered":"<p>[vc_section css=&#8221;.vc_custom_1630434068744{background-image: url(https:\/\/franciscanos.org.br\/quemsomos\/wp-content\/uploads\/2021\/08\/fentes1.jpg?id=161126) !important;background-position: center !important;background-repeat: no-repeat !important;background-size: cover !important;}&#8221;][vc_row][vc_column][vc_empty_space height=&#8221;50px&#8221;][vc_custom_heading text=&#8221;FRENTES DE EVANGELIZA\u00c7\u00c3O&#8221; font_container=&#8221;tag:h1|font_size:40px|text_align:center|color:%23ffffff|line_height:40px&#8221; google_fonts=&#8221;font_family:Playfair%20Display%3Aregular%2Citalic%2C700%2C700italic%2C900%2C900italic|font_style:900%20bold%20regular%3A900%3Anormal&#8221;][vc_empty_space height=&#8221;50px&#8221;][\/vc_column][\/vc_row][\/vc_section][vc_section][vc_row][vc_column width=&#8221;1\/6&#8243;][\/vc_column][vc_column width=&#8221;2\/3&#8243;][vc_basic_grid post_type=&#8221;frentes&#8221; max_items=&#8221;10&#8243; element_width=&#8221;6&#8243; item=&#8221;1455&#8243; initial_loading_animation=&#8221;pulse&#8221; grid_id=&#8221;vc_gid:1630421630646-b51192a2-9f95-5&#8243;][\/vc_column][vc_column width=&#8221;1\/6&#8243;][\/vc_column][\/vc_row][\/vc_section]<\/p>\n","protected":false},"excerpt":{"rendered":"<p>[vc_section css=&#8221;.vc_custom_1630434068744{background-image: url(https:\/\/franciscanos.org.br\/quemsomos\/wp-content\/uploads\/2021\/08\/fentes1.jpg?id=161126) !important;background-position: center !important;background-repeat: no-repeat !important;background-size: cover !important;}&#8221;][vc_row][vc_column][vc_empty_space height=&#8221;50px&#8221;][vc_custom_heading text=&#8221;FRENTES DE EVANGELIZA\u00c7\u00c3O&#8221; font_container=&#8221;tag:h1|font_size:40px|text_align:center|color:%23ffffff|line_height:40px&#8221; google_fonts=&#8221;font_family:Playfair%20Display%3Aregular%2Citalic%2C700%2C700italic%2C900%2C900italic|font_style:900%20bold%20regular%3A900%3Anormal&#8221;][vc_empty_space height=&#8221;50px&#8221;][\/vc_column][\/vc_row][\/vc_section][vc_section][vc_row][vc_column width=&#8221;1\/6&#8243;][\/vc_column][vc_column width=&#8221;2\/3&#8243;][vc_basic_grid post_type=&#8221;frentes&#8221; max_items=&#8221;10&#8243; element_width=&#8221;6&#8243; item=&#8221;1455&#8243; initial_loading_animation=&#8221;pulse&#8221; grid_id=&#8221;vc_gid:1630421630646-b51192a2-9f95-5&#8243;][\/vc_column][vc_column width=&#8221;1\/6&#8243;][\/vc_column][\/vc_row][\/vc_section]<\/p>\n","protected":false},"author":1,"featured_media":0,"parent":0,"menu_order":0,"comment_status":"closed","ping_status":"closed","template":"page-full.php","meta":{"footnotes":""},"yoast_head":"<!-- This site is optimized with the Yoast SEO plugin v21.0 - https:\/\/yoast.com\/wordpress\/plugins\/seo\/ -->\n<title>Frentes de evangeliza\u00e7\u00e3o - Quem Somos - Franciscanos<\/title>\n<meta name=\"robots\" content=\"index, follow, max-snippet:-1, max-image-preview:large, max-video-preview:-1\" \/>\n<link rel=\"canonical\" href=\"https:\/\/franciscanos.org.br\/quemsomos\/frentes-de-evangelizacao\/\" \/>\n<meta property=\"og:locale\" content=\"pt_BR\" \/>\n<meta property=\"og:type\" content=\"article\" \/>\n<meta property=\"og:title\" content=\"Frentes de evangeliza\u00e7\u00e3o - Quem Somos - Franciscanos\" \/>\n<meta property=\"og:description\" content=\"[vc_section css=&#8221;.vc_custom_1630434068744{background-image: url(https:\/\/franciscanos.org.br\/quemsomos\/wp-content\/uploads\/2021\/08\/fentes1.jpg?id=161126) !important;background-position: center !important;background-repeat: no-repeat !important;background-size: cover !important;}&#8221;][vc_row][vc_column][vc_empty_space height=&#8221;50px&#8221;][vc_custom_heading text=&#8221;FRENTES DE EVANGELIZA\u00c7\u00c3O&#8221; font_container=&#8221;tag:h1|font_size:40px|text_align:center|color:%23ffffff|line_height:40px&#8221; google_fonts=&#8221;font_family:Playfair%20Display%3Aregular%2Citalic%2C700%2C700italic%2C900%2C900italic|font_style:900%20bold%20regular%3A900%3Anormal&#8221;][vc_empty_space height=&#8221;50px&#8221;][\/vc_column][\/vc_row][\/vc_section][vc_section][vc_row][vc_column width=&#8221;1\/6&#8243;][\/vc_column][vc_column width=&#8221;2\/3&#8243;][vc_basic_grid post_type=&#8221;frentes&#8221; max_items=&#8221;10&#8243; element_width=&#8221;6&#8243; item=&#8221;1455&#8243; initial_loading_animation=&#8221;pulse&#8221; grid_id=&#8221;vc_gid:1630421630646-b51192a2-9f95-5&#8243;][\/vc_column][vc_column width=&#8221;1\/6&#8243;][\/vc_column][\/vc_row][\/vc_section]\" \/>\n<meta property=\"og:url\" content=\"https:\/\/franciscanos.org.br\/quemsomos\/frentes-de-evangelizacao\/\" \/>\n<meta property=\"og:site_name\" content=\"Quem Somos - Franciscanos\" \/>\n<meta property=\"article:modified_time\" content=\"2021-08-31T18:21:13+00:00\" \/>\n<meta name=\"twitter:card\" content=\"summary_large_image\" \/>\n<meta name=\"twitter:label1\" content=\"Est. tempo de leitura\" \/>\n\t<meta name=\"twitter:data1\" content=\"1 minuto\" \/>\n<script type=\"application\/ld+json\" class=\"yoast-schema-graph\">{\"@context\":\"https:\/\/schema.org\",\"@graph\":[{\"@type\":\"WebPage\",\"@id\":\"https:\/\/franciscanos.org.br\/quemsomos\/frentes-de-evangelizacao\/\",\"url\":\"https:\/\/franciscanos.org.br\/quemsomos\/frentes-de-evangelizacao\/\",\"name\":\"Frentes de evangeliza\u00e7\u00e3o - Quem Somos - Franciscanos\",\"isPartOf\":{\"@id\":\"https:\/\/franciscanos.org.br\/quemsomos\/#website\"},\"datePublished\":\"2018-10-18T12:42:12+00:00\",\"dateModified\":\"2021-08-31T18:21:13+00:00\",\"breadcrumb\":{\"@id\":\"https:\/\/franciscanos.org.br\/quemsomos\/frentes-de-evangelizacao\/#breadcrumb\"},\"inLanguage\":\"pt-BR\",\"potentialAction\":[{\"@type\":\"ReadAction\",\"target\":[\"https:\/\/franciscanos.org.br\/quemsomos\/frentes-de-evangelizacao\/\"]}]},{\"@type\":\"BreadcrumbList\",\"@id\":\"https:\/\/franciscanos.org.br\/quemsomos\/frentes-de-evangelizacao\/#breadcrumb\",\"itemListElement\":[{\"@type\":\"ListItem\",\"position\":1,\"name\":\"Home\",\"item\":\"https:\/\/franciscanos.org.br\/quemsomos\/\"},{\"@type\":\"ListItem\",\"position\":2,\"name\":\"Frentes de evangeliza\u00e7\u00e3o\"}]},{\"@type\":\"WebSite\",\"@id\":\"https:\/\/franciscanos.org.br\/quemsomos\/#website\",\"url\":\"https:\/\/franciscanos.org.br\/quemsomos\/\",\"name\":\"Quem Somos - Franciscanos\",\"description\":\"Prov\u00edncia Franciscana da Imaculada Concei\u00e7\u00e3o do Brasil - Ordem dos Frades Menores\",\"potentialAction\":[{\"@type\":\"SearchAction\",\"target\":{\"@type\":\"EntryPoint\",\"urlTemplate\":\"https:\/\/franciscanos.org.br\/quemsomos\/?s={search_term_string}\"},\"query-input\":\"required name=search_term_string\"}],\"inLanguage\":\"pt-BR\"}]}<\/script>\n<!-- \/ Yoast SEO plugin. -->","yoast_head_json":{"title":"Frentes de evangeliza\u00e7\u00e3o - Quem Somos - Franciscanos","robots":{"index":"index","follow":"follow","max-snippet":"max-snippet:-1","max-image-preview":"max-image-preview:large","max-video-preview":"max-video-preview:-1"},"canonical":"https:\/\/franciscanos.org.br\/quemsomos\/frentes-de-evangelizacao\/","og_locale":"pt_BR","og_type":"article","og_title":"Frentes de evangeliza\u00e7\u00e3o - Quem Somos - Franciscanos","og_description":"[vc_section css=&#8221;.vc_custom_1630434068744{background-image: url(https:\/\/franciscanos.org.br\/quemsomos\/wp-content\/uploads\/2021\/08\/fentes1.jpg?id=161126) !important;background-position: center !important;background-repeat: no-repeat !important;background-size: cover !important;}&#8221;][vc_row][vc_column][vc_empty_space height=&#8221;50px&#8221;][vc_custom_heading text=&#8221;FRENTES DE EVANGELIZA\u00c7\u00c3O&#8221; font_container=&#8221;tag:h1|font_size:40px|text_align:center|color:%23ffffff|line_height:40px&#8221; google_fonts=&#8221;font_family:Playfair%20Display%3Aregular%2Citalic%2C700%2C700italic%2C900%2C900italic|font_style:900%20bold%20regular%3A900%3Anormal&#8221;][vc_empty_space height=&#8221;50px&#8221;][\/vc_column][\/vc_row][\/vc_section][vc_section][vc_row][vc_column width=&#8221;1\/6&#8243;][\/vc_column][vc_column width=&#8221;2\/3&#8243;][vc_basic_grid post_type=&#8221;frentes&#8221; max_items=&#8221;10&#8243; element_width=&#8221;6&#8243; item=&#8221;1455&#8243; initial_loading_animation=&#8221;pulse&#8221; grid_id=&#8221;vc_gid:1630421630646-b51192a2-9f95-5&#8243;][\/vc_column][vc_column width=&#8221;1\/6&#8243;][\/vc_column][\/vc_row][\/vc_section]","og_url":"https:\/\/franciscanos.org.br\/quemsomos\/frentes-de-evangelizacao\/","og_site_name":"Quem Somos - Franciscanos","article_modified_time":"2021-08-31T18:21:13+00:00","twitter_card":"summary_large_image","twitter_misc":{"Est. tempo de leitura":"1 minuto"},"schema":{"@context":"https:\/\/schema.org","@graph":[{"@type":"WebPage","@id":"https:\/\/franciscanos.org.br\/quemsomos\/frentes-de-evangelizacao\/","url":"https:\/\/franciscanos.org.br\/quemsomos\/frentes-de-evangelizacao\/","name":"Frentes de evangeliza\u00e7\u00e3o - Quem Somos - Franciscanos","isPartOf":{"@id":"https:\/\/franciscanos.org.br\/quemsomos\/#website"},"datePublished":"2018-10-18T12:42:12+00:00","dateModified":"2021-08-31T18:21:13+00:00","breadcrumb":{"@id":"https:\/\/franciscanos.org.br\/quemsomos\/frentes-de-evangelizacao\/#breadcrumb"},"inLanguage":"pt-BR","potentialAction":[{"@type":"ReadAction","target":["https:\/\/franciscanos.org.br\/quemsomos\/frentes-de-evangelizacao\/"]}]},{"@type":"BreadcrumbList","@id":"https:\/\/franciscanos.org.br\/quemsomos\/frentes-de-evangelizacao\/#breadcrumb","itemListElement":[{"@type":"ListItem","position":1,"name":"Home","item":"https:\/\/franciscanos.org.br\/quemsomos\/"},{"@type":"ListItem","position":2,"name":"Frentes de evangeliza\u00e7\u00e3o"}]},{"@type":"WebSite","@id":"https:\/\/franciscanos.org.br\/quemsomos\/#website","url":"https:\/\/franciscanos.org.br\/quemsomos\/","name":"Quem Somos - Franciscanos","description":"Prov\u00edncia Franciscana da Imaculada Concei\u00e7\u00e3o do Brasil - Ordem dos Frades Menores","potentialAction":[{"@type":"SearchAction","target":{"@type":"EntryPoint","urlTemplate":"https:\/\/franciscanos.org.br\/quemsomos\/?s={search_term_string}"},"query-input":"required name=search_term_string"}],"inLanguage":"pt-BR"}]}},"_links":{"self":[{"href":"https:\/\/franciscanos.org.br\/quemsomos\/wp-json\/wp\/v2\/pages\/115"}],"collection":[{"href":"https:\/\/franciscanos.org.br\/quemsomos\/wp-json\/wp\/v2\/pages"}],"about":[{"href":"https:\/\/franciscanos.org.br\/quemsomos\/wp-json\/wp\/v2\/types\/page"}],"author":[{"embeddable":true,"href":"https:\/\/franciscanos.org.br\/quemsomos\/wp-json\/wp\/v2\/users\/1"}],"replies":[{"embeddable":true,"href":"https:\/\/franciscanos.org.br\/quemsomos\/wp-json\/wp\/v2\/comments?post=115"}],"version-history":[{"count":9,"href":"https:\/\/franciscanos.org.br\/quemsomos\/wp-json\/wp\/v2\/pages\/115\/revisions"}],"predecessor-version":[{"id":161128,"href":"https:\/\/franciscanos.org.br\/quemsomos\/wp-json\/wp\/v2\/pages\/115\/revisions\/161128"}],"wp:attachment":[{"href":"https:\/\/franciscanos.org.br\/quemsomos\/wp-json\/wp\/v2\/media?parent=115"}],"curies":[{"name":"wp","href":"https:\/\/api.w.org\/{rel}","templated":true}]}}