{"id":104,"date":"2018-10-18T03:14:22","date_gmt":"2018-10-18T06:14:22","guid":{"rendered":"http:\/\/franciscanos.org.br\/quemsomos\/?page_id=104"},"modified":"2026-04-07T07:52:52","modified_gmt":"2026-04-07T10:52:52","slug":"governo-provincial","status":"publish","type":"page","link":"https:\/\/franciscanos.org.br\/quemsomos\/governo-provincial\/","title":{"rendered":"Definit\u00f3rio Provincial"},"content":{"rendered":"<p>[vc_row][vc_column width=&#8221;1\/6&#8243;][\/vc_column][vc_column width=&#8221;2\/3&#8243;][vc_single_image image=&#8221;161811&#8243; img_size=&#8221;full&#8221; alignment=&#8221;center&#8221; style=&#8221;vc_box_shadow&#8221; css_animation=&#8221;appear&#8221;][vc_column_text]A Prov\u00edncia Franciscana da Imaculada Concei\u00e7\u00e3o est\u00e1 presente no Brasil e em Angola. No Brasil, tem fraternidades nos Estados de Santa Catarina, Paran\u00e1, S\u00e3o Paulo, Rio de Janeiro e Esp\u00edrito Santo, agrupadas em 6 Regionais.<\/p>\n<p>Em \u00e2mbito provincial, a anima\u00e7\u00e3o e coordena\u00e7\u00e3o da vida e miss\u00e3o dos frades s\u00e3o feitas pelo Cap\u00edtulo provincial, pelo Ministro provincial, Frei Paulo Roberto Pereira, com o Vig\u00e1rio provincial Frei Gustavo Wyand Medella, e seu Definit\u00f3rio: Frei Daniel Dellandrea; Frei Diego Atalino de Melo, Frei Gilberto da Silva, Frei Gilson Kammer, Frei Robson Luiz Scudela, Frei Volney Jos\u00e9 Berkenbrock; pelos Secretariados e Servi\u00e7os.<\/p>\n<p>Na assessoria do Defnit\u00f3rio existe a Secretaria, os Servi\u00e7os de Comunica\u00e7\u00e3o e Arquivo, a Administra\u00e7\u00e3o Econ\u00f4mico Financeira e uma Assessoria Jur\u00eddica.<\/p>\n<p><strong>As Frentes<\/strong> &#8211; Toda a a\u00e7\u00e3o evangelizadora est\u00e1 organizada em 5 grandes Frentes de Evangeliza\u00e7\u00e3o, a saber: Solidariedade com os empobrecidos, Comunica\u00e7\u00e3o, Educa\u00e7\u00e3o, Miss\u00e3o e Par\u00f3quias e Santu\u00e1rios.<\/p>\n<p><strong>Os servi\u00e7os<\/strong> &#8211; Anima\u00e7\u00e3o Vocacional (SAV) e Justi\u00e7a, Paz e Integridade da Cria\u00e7\u00e3o (JPIC) \u2013 s\u00e3o \u00f3rg\u00e3os de assessoria do Definit\u00f3rio provincial para refor\u00e7ar e coordenar algumas dimens\u00f5es relevantes da vida e miss\u00e3o dos frades.<\/p>\n<p><em>Foto da esq. para dir.: Os definidores provinciais: Frei Daniel Dellandrea, Frei Robson, Frei Volney Jos\u00e9 Berkenbrock, Frei Gustavo Wyand Medella, Frei Paulo Roberto Pereira, Frei Gilberto da Silva, Frei Diego Atalino de Melo e Frei Gilson Kammer.<\/em>[\/vc_column_text][vc_row_inner][vc_column_inner width=&#8221;1\/2&#8243;][vc_column_text]<\/p>\n<h3><strong>Secretariado da Evangeliza\u00e7\u00e3o<\/strong><\/h3>\n<p>Ele tem como miss\u00e3o congregar, animar e orientar na miss\u00e3o os frades engajados nas diferentes frentes de evangeliza\u00e7\u00e3o da Prov\u00edncia, exprimindo e fortalecendo a comunh\u00e3o, a co-responsabilidade e a organicidade, promovendo capacita\u00e7\u00e3o, discernimento e planejamento, para que, imbu\u00eddos dos valores inerentes ao nosso carisma, respondam adequadamente aos desafios que o mundo de hoje coloca para a evangeliza\u00e7\u00e3o.[\/vc_column_text][vc_custom_heading text=&#8221;REGIONAIS DA PROV\u00cdNCIA&#8221; font_container=&#8221;tag:h2|font_size:30PX|text_align:center|color:%23dd8706|line_height:30PX&#8221;][vc_empty_space][\/vc_column_inner][vc_column_inner width=&#8221;1\/2&#8243;][vc_column_text]<\/p>\n<h3><strong>Secretariado da Forma\u00e7\u00e3o e Estudos<\/strong><\/h3>\n<p>Ele tem a miss\u00e3o de promover, a execu\u00e7\u00e3o e revis\u00e3o dos programas da Forma\u00e7\u00e3o Permanente, do Servi\u00e7o de Anima\u00e7\u00e3o Vocacional, da Forma\u00e7\u00e3o Inicial e dos Estudos da Prov\u00edncia Franciscana da Imaculada Concei\u00e7\u00e3o do Brasil (cf. CCGG, art 126 e 127).[\/vc_column_text][\/vc_column_inner][\/vc_row_inner][vc_row_inner][vc_column_inner width=&#8221;1\/2&#8243;][vc_column_text]<\/p>\n<h3>1 \u2013 Regional Esp\u00edrito Santo<\/h3>\n<p>Colatina\u00a0(Santo Ant\u00f4nio de Sant\u2019Ana Galv\u00e3o)<br \/>\nVila Velha\u00a0(Divino Esp\u00edrito Santo)<br \/>\nVila Velha\u00a0(Nossa Senhora da Penha)<\/p>\n<h3>2 \u2013 Regional Frei Bruno<\/h3>\n<p>Conc\u00f3rdia (Nossa Senhora do Ros\u00e1rio)<br \/>\nCoronel Freitas (Patroc\u00ednio de S\u00e3o Jos\u00e9)<br \/>\nCuritibanos (S\u00e3o Francisco Solano)<br \/>\nLages (Patroc\u00ednio de S\u00e3o Jos\u00e9)<br \/>\nLuzerna (S\u00e3o Jo\u00e3o Batista)<br \/>\nXaxim (S\u00e3o Luis Gonzaga)<\/p>\n<h3>3 \u2013 Regional Paran\u00e1<\/h3>\n<p>Curitiba (Bom Jesus)<br \/>\nChopinzinho (S\u00e3o Francisco)<br \/>\nPato Branco (S\u00e3o Pedro Ap\u00f3stolo)<\/p>\n<h3>4 \u2013 Regional Rio de Janeiro<\/h3>\n<p>Duque de Caxias (Nossa Senhora M\u00e3e da Terra)<br \/>\nDuque de Caxias (S\u00e3o Francisco)<br \/>\nNil\u00f3polis (Nossa Senhora Aparecida)<br \/>\nNiter\u00f3i (Porci\u00fancula de Santana)<br \/>\nPetr\u00f3polis (Sagrado Cora\u00e7\u00e3o de Jesus)<br \/>\nPetr\u00f3polis (S\u00e3o Francisco de Assis)<br \/>\nRio de Janeiro (Santo Ant\u00f4nio)<br \/>\nRio de Janeiro (N. Sra. Boa Viagem)<br \/>\nS\u00e3o Jo\u00e3o de Meriti (S\u00e3o Jo\u00e3o Batista)[\/vc_column_text][\/vc_column_inner][vc_column_inner width=&#8221;1\/2&#8243;][vc_column_text]<\/p>\n<h3>5 \u2013 Regional S\u00e3o Paulo<\/h3>\n<p>Agudos (Santo Ant\u00f4nio)<br \/>\nBauru (Santo Ant\u00f4nio)<br \/>\nBragan\u00e7a Paulista (S\u00e3o Francisco)<br \/>\nGuaratinguet\u00e1 (Frei Galv\u00e3o)<br \/>\nGuaratinguet\u00e1 (S\u00e3o Jos\u00e9)<br \/>\nItatiba (Frei Le\u00e3o)<br \/>\nS\u00e3o Paulo (Dom Paulo Evaristo Arns)<br \/>\nS\u00e3o Paulo (Imaculada Concei\u00e7\u00e3o \u2013 <strong>Sede Provincial<\/strong>)<br \/>\nS\u00e3o Paulo (Santo Ant\u00f4nio do Pari)<br \/>\nS\u00e3o Paulo (S\u00e3o Francisco)<br \/>\nSorocaba (Bom Jesus)<\/p>\n<h3>6 \u2013 Regional Vale do Itaja\u00ed e Leste Catarinense<\/h3>\n<p>Balne\u00e1rio Cambori\u00fa (Santa In\u00eas)<br \/>\nBlumenau (Santo Ant\u00f4nio)<br \/>\nBalne\u00e1rio Cambori\u00fa (Santa In\u00eas)<br \/>\nFlorian\u00f3polis (Santo Ant\u00f4nio)<br \/>\nGaspar (S\u00e3o Jos\u00e9)<br \/>\nItuporanga (S\u00e3o Francisco de Assis)<br \/>\nItuporanga (Santo Est\u00eav\u00e3o)<br \/>\nRodeio (S\u00e3o Francisco de Assis)<br \/>\nSanto Amaro da Imperatriz (Santo Amaro)[\/vc_column_text][\/vc_column_inner][\/vc_row_inner][\/vc_column][vc_column width=&#8221;1\/6&#8243;][\/vc_column][\/vc_row]<\/p>\n","protected":false},"excerpt":{"rendered":"<p>[vc_row][vc_column width=&#8221;1\/6&#8243;][\/vc_column][vc_column width=&#8221;2\/3&#8243;][vc_single_image image=&#8221;161811&#8243; img_size=&#8221;full&#8221; alignment=&#8221;center&#8221; style=&#8221;vc_box_shadow&#8221; css_animation=&#8221;appear&#8221;][vc_column_text]A Prov\u00edncia Franciscana da Imaculada Concei\u00e7\u00e3o est\u00e1 presente no Brasil e em Angola. No Brasil, tem fraternidades nos Estados de Santa Catarina, Paran\u00e1, S\u00e3o Paulo, Rio de Janeiro e Esp\u00edrito Santo, agrupadas em 6 Regionais. Em \u00e2mbito provincial, a anima\u00e7\u00e3o e coordena\u00e7\u00e3o da vida e miss\u00e3o dos frades [&hellip;]<\/p>\n","protected":false},"author":1,"featured_media":0,"parent":0,"menu_order":0,"comment_status":"closed","ping_status":"closed","template":"","meta":{"footnotes":""},"yoast_head":"<!-- This site is optimized with the Yoast SEO plugin v21.0 - https:\/\/yoast.com\/wordpress\/plugins\/seo\/ -->\n<title>Definit\u00f3rio Provincial - Quem Somos - Franciscanos<\/title>\n<meta name=\"robots\" content=\"index, follow, max-snippet:-1, max-image-preview:large, max-video-preview:-1\" \/>\n<link rel=\"canonical\" href=\"https:\/\/franciscanos.org.br\/quemsomos\/governo-provincial\/\" \/>\n<meta property=\"og:locale\" content=\"pt_BR\" \/>\n<meta property=\"og:type\" content=\"article\" \/>\n<meta property=\"og:title\" content=\"Definit\u00f3rio Provincial - Quem Somos - Franciscanos\" \/>\n<meta property=\"og:description\" content=\"[vc_row][vc_column width=&#8221;1\/6&#8243;][\/vc_column][vc_column width=&#8221;2\/3&#8243;][vc_single_image image=&#8221;161811&#8243; img_size=&#8221;full&#8221; alignment=&#8221;center&#8221; style=&#8221;vc_box_shadow&#8221; css_animation=&#8221;appear&#8221;][vc_column_text]A Prov\u00edncia Franciscana da Imaculada Concei\u00e7\u00e3o est\u00e1 presente no Brasil e em Angola. No Brasil, tem fraternidades nos Estados de Santa Catarina, Paran\u00e1, S\u00e3o Paulo, Rio de Janeiro e Esp\u00edrito Santo, agrupadas em 6 Regionais. Em \u00e2mbito provincial, a anima\u00e7\u00e3o e coordena\u00e7\u00e3o da vida e miss\u00e3o dos frades [&hellip;]\" \/>\n<meta property=\"og:url\" content=\"https:\/\/franciscanos.org.br\/quemsomos\/governo-provincial\/\" \/>\n<meta property=\"og:site_name\" content=\"Quem Somos - Franciscanos\" \/>\n<meta property=\"article:modified_time\" content=\"2026-04-07T10:52:52+00:00\" \/>\n<meta name=\"twitter:card\" content=\"summary_large_image\" \/>\n<meta name=\"twitter:label1\" content=\"Est. tempo de leitura\" \/>\n\t<meta name=\"twitter:data1\" content=\"4 minutos\" \/>\n<script type=\"application\/ld+json\" class=\"yoast-schema-graph\">{\"@context\":\"https:\/\/schema.org\",\"@graph\":[{\"@type\":\"WebPage\",\"@id\":\"https:\/\/franciscanos.org.br\/quemsomos\/governo-provincial\/\",\"url\":\"https:\/\/franciscanos.org.br\/quemsomos\/governo-provincial\/\",\"name\":\"Definit\u00f3rio Provincial - Quem Somos - Franciscanos\",\"isPartOf\":{\"@id\":\"https:\/\/franciscanos.org.br\/quemsomos\/#website\"},\"datePublished\":\"2018-10-18T06:14:22+00:00\",\"dateModified\":\"2026-04-07T10:52:52+00:00\",\"breadcrumb\":{\"@id\":\"https:\/\/franciscanos.org.br\/quemsomos\/governo-provincial\/#breadcrumb\"},\"inLanguage\":\"pt-BR\",\"potentialAction\":[{\"@type\":\"ReadAction\",\"target\":[\"https:\/\/franciscanos.org.br\/quemsomos\/governo-provincial\/\"]}]},{\"@type\":\"BreadcrumbList\",\"@id\":\"https:\/\/franciscanos.org.br\/quemsomos\/governo-provincial\/#breadcrumb\",\"itemListElement\":[{\"@type\":\"ListItem\",\"position\":1,\"name\":\"Home\",\"item\":\"https:\/\/franciscanos.org.br\/quemsomos\/\"},{\"@type\":\"ListItem\",\"position\":2,\"name\":\"Definit\u00f3rio Provincial\"}]},{\"@type\":\"WebSite\",\"@id\":\"https:\/\/franciscanos.org.br\/quemsomos\/#website\",\"url\":\"https:\/\/franciscanos.org.br\/quemsomos\/\",\"name\":\"Quem Somos - Franciscanos\",\"description\":\"Prov\u00edncia Franciscana da Imaculada Concei\u00e7\u00e3o do Brasil - Ordem dos Frades Menores\",\"potentialAction\":[{\"@type\":\"SearchAction\",\"target\":{\"@type\":\"EntryPoint\",\"urlTemplate\":\"https:\/\/franciscanos.org.br\/quemsomos\/?s={search_term_string}\"},\"query-input\":\"required name=search_term_string\"}],\"inLanguage\":\"pt-BR\"}]}<\/script>\n<!-- \/ Yoast SEO plugin. -->","yoast_head_json":{"title":"Definit\u00f3rio Provincial - Quem Somos - Franciscanos","robots":{"index":"index","follow":"follow","max-snippet":"max-snippet:-1","max-image-preview":"max-image-preview:large","max-video-preview":"max-video-preview:-1"},"canonical":"https:\/\/franciscanos.org.br\/quemsomos\/governo-provincial\/","og_locale":"pt_BR","og_type":"article","og_title":"Definit\u00f3rio Provincial - Quem Somos - Franciscanos","og_description":"[vc_row][vc_column width=&#8221;1\/6&#8243;][\/vc_column][vc_column width=&#8221;2\/3&#8243;][vc_single_image image=&#8221;161811&#8243; img_size=&#8221;full&#8221; alignment=&#8221;center&#8221; style=&#8221;vc_box_shadow&#8221; css_animation=&#8221;appear&#8221;][vc_column_text]A Prov\u00edncia Franciscana da Imaculada Concei\u00e7\u00e3o est\u00e1 presente no Brasil e em Angola. No Brasil, tem fraternidades nos Estados de Santa Catarina, Paran\u00e1, S\u00e3o Paulo, Rio de Janeiro e Esp\u00edrito Santo, agrupadas em 6 Regionais. Em \u00e2mbito provincial, a anima\u00e7\u00e3o e coordena\u00e7\u00e3o da vida e miss\u00e3o dos frades [&hellip;]","og_url":"https:\/\/franciscanos.org.br\/quemsomos\/governo-provincial\/","og_site_name":"Quem Somos - Franciscanos","article_modified_time":"2026-04-07T10:52:52+00:00","twitter_card":"summary_large_image","twitter_misc":{"Est. tempo de leitura":"4 minutos"},"schema":{"@context":"https:\/\/schema.org","@graph":[{"@type":"WebPage","@id":"https:\/\/franciscanos.org.br\/quemsomos\/governo-provincial\/","url":"https:\/\/franciscanos.org.br\/quemsomos\/governo-provincial\/","name":"Definit\u00f3rio Provincial - Quem Somos - Franciscanos","isPartOf":{"@id":"https:\/\/franciscanos.org.br\/quemsomos\/#website"},"datePublished":"2018-10-18T06:14:22+00:00","dateModified":"2026-04-07T10:52:52+00:00","breadcrumb":{"@id":"https:\/\/franciscanos.org.br\/quemsomos\/governo-provincial\/#breadcrumb"},"inLanguage":"pt-BR","potentialAction":[{"@type":"ReadAction","target":["https:\/\/franciscanos.org.br\/quemsomos\/governo-provincial\/"]}]},{"@type":"BreadcrumbList","@id":"https:\/\/franciscanos.org.br\/quemsomos\/governo-provincial\/#breadcrumb","itemListElement":[{"@type":"ListItem","position":1,"name":"Home","item":"https:\/\/franciscanos.org.br\/quemsomos\/"},{"@type":"ListItem","position":2,"name":"Definit\u00f3rio Provincial"}]},{"@type":"WebSite","@id":"https:\/\/franciscanos.org.br\/quemsomos\/#website","url":"https:\/\/franciscanos.org.br\/quemsomos\/","name":"Quem Somos - Franciscanos","description":"Prov\u00edncia Franciscana da Imaculada Concei\u00e7\u00e3o do Brasil - Ordem dos Frades Menores","potentialAction":[{"@type":"SearchAction","target":{"@type":"EntryPoint","urlTemplate":"https:\/\/franciscanos.org.br\/quemsomos\/?s={search_term_string}"},"query-input":"required name=search_term_string"}],"inLanguage":"pt-BR"}]}},"_links":{"self":[{"href":"https:\/\/franciscanos.org.br\/quemsomos\/wp-json\/wp\/v2\/pages\/104"}],"collection":[{"href":"https:\/\/franciscanos.org.br\/quemsomos\/wp-json\/wp\/v2\/pages"}],"about":[{"href":"https:\/\/franciscanos.org.br\/quemsomos\/wp-json\/wp\/v2\/types\/page"}],"author":[{"embeddable":true,"href":"https:\/\/franciscanos.org.br\/quemsomos\/wp-json\/wp\/v2\/users\/1"}],"replies":[{"embeddable":true,"href":"https:\/\/franciscanos.org.br\/quemsomos\/wp-json\/wp\/v2\/comments?post=104"}],"version-history":[{"count":28,"href":"https:\/\/franciscanos.org.br\/quemsomos\/wp-json\/wp\/v2\/pages\/104\/revisions"}],"predecessor-version":[{"id":162104,"href":"https:\/\/franciscanos.org.br\/quemsomos\/wp-json\/wp\/v2\/pages\/104\/revisions\/162104"}],"wp:attachment":[{"href":"https:\/\/franciscanos.org.br\/quemsomos\/wp-json\/wp\/v2\/media?parent=104"}],"curies":[{"name":"wp","href":"https:\/\/api.w.org\/{rel}","templated":true}]}}