{"id":102,"date":"2018-10-18T03:14:01","date_gmt":"2018-10-18T06:14:01","guid":{"rendered":"http:\/\/franciscanos.org.br\/quemsomos\/?page_id=102"},"modified":"2023-06-16T07:25:27","modified_gmt":"2023-06-16T10:25:27","slug":"onde-estamos","status":"publish","type":"page","link":"https:\/\/franciscanos.org.br\/quemsomos\/onde-estamos\/","title":{"rendered":"Onde estamos"},"content":{"rendered":"<p>[vc_section][vc_row][vc_column][vc_basic_grid post_type=&#8221;ondestamos&#8221; max_items=&#8221;100&#8243; show_filter=&#8221;yes&#8221; element_width=&#8221;2&#8243; filter_style=&#8221;bordered-rounded&#8221; filter_color=&#8221;black&#8221; filter_size=&#8221;lg&#8221; item=&#8221;1455&#8243; grid_id=&#8221;vc_gid:1686911058873-8616eb1b-7738-2&#8243; filter_source=&#8221;cat-ondestamos&#8221;][\/vc_column][\/vc_row][\/vc_section][vc_section][vc_row][vc_column][vc_separator style=&#8221;shadow&#8221;][vc_custom_heading text=&#8221;FRADES A SERVI\u00c7O DE OUTRAS ENTIDADES, BISPOS E CFB&amp;CS&#8221; font_container=&#8221;tag:h2|font_size:30px|text_align:center|color:%23933b00|line_height:30px&#8221; google_fonts=&#8221;font_family:Playfair%20Display%3Aregular%2Citalic%2C700%2C700italic%2C900%2C900italic|font_style:700%20bold%20regular%3A700%3Anormal&#8221;][vc_empty_space][\/vc_column][\/vc_row][vc_row][vc_column width=&#8221;1\/3&#8243;][vc_column_text]<\/p>\n<h3><strong>A SERVI\u00c7O DE OUTRAS ENTIDADES OFM<\/strong><\/h3>\n<p><strong>C\u00daRIA GERAL DA ORDEM DOS FRADES MENORES<\/strong><br \/>\nEnd.: Via di S. Maria Mediatrice, 25<br \/>\n00165 \u2013 Roma \u2013 It\u00e1lia<br \/>\nTel.: (39) 06 684-919<\/p>\n<p>Frei C\u00e9sar K\u00fclkamp, Definidor Geral<br \/>\nFabio Cesar Gomes, Secret\u00e1rio Pro Monialibus<\/p>\n<p><strong>CUST\u00d3DIA DA TERRA SANTA<br \/>\n<\/strong><\/p>\n<p><strong>Convento Santa Caterina \u201cad Nativitem\u201d<\/strong><br \/>\nFrei Tadeu Luiz Fernandes<\/p>\n<p><strong>Convento dell&#8217;Agonia<\/strong><br \/>\nFrei Luiz Henrique Ferreira Aquino<\/p>\n<p><strong>CUST\u00d3DIA DAS SETE ALEGRIAS DE NOSSA SENHORA<br \/>\n<\/strong>Frei Atamil Vicente de Campos<\/p>\n<p><strong>CUST\u00d3DIA DOS PROTOM\u00c1RTIRES DO MARROCOS<\/strong><br \/>\nFrei Jorge Lazaro de Souza<\/p>\n<h3><strong>CONFRADES EM OUTROS SERVI\u00c7OS<\/strong><\/h3>\n<p><strong>BRAS\u00cdLIA (DF)<\/strong><br \/>\nFrei Vicente Bohne<\/p>\n<p><strong>DIOCESE DE SANTO AMARO (SP)<\/strong><br \/>\nFrei Harley Luis Siqueira Jorge (Jorge da Paz)<\/p>\n<p><strong>PRELAZIA DO MARAJ\u00d3 \u2013 PA<\/strong><br \/>\nFrei Atilio Dalla Costa Battistuz<\/p>\n<h3><strong>CONFRADES ESTUDANTES NO EXTERIOR<\/strong><\/h3>\n<p><strong>INSTITUTO B\u00cdBLICO FRANCISCANO<\/strong><br \/>\nFrei Jean Carlos Ajluni Oliveira[\/vc_column_text][\/vc_column][vc_column width=&#8221;1\/3&#8243;][vc_column_text]<\/p>\n<h3><strong>FRADES NO EPISCOPADO<br \/>\n<\/strong><\/h3>\n<p><strong>D. Fernando Ant\u00f4nio Figueiredo, OFM<br \/>\n<\/strong>Bispo Em\u00e9rito de Santo Amaro, S\u00e3o Paulo, SP<\/p>\n<p><strong>D. Luiz Flavio Cappio, OFM<\/strong><br \/>\nBispo Em\u00e9rito de Barra, BA<\/p>\n<p><strong>D. Diamantino Prata de Carvalho, OFM<\/strong><br \/>\nBispo Em\u00e9rito de Campanha, MG<\/p>\n<p><strong>D. Caetano Ferrari, OFM<\/strong><br \/>\nBispo Em\u00e9rito de Bauru, SP<\/p>\n<p><strong>D. Leonardo Ulrich Steiner, OFM<\/strong><br \/>\nCardeal e Arcebispo de Manaus, AM<br \/>\n<span style=\"font-weight: 500;\">Presidente da Comiss\u00e3o Episcopal Especial para a Amaz\u00f4nia Brasil<\/span><\/p>\n<p><strong>D. Severino Clasen, OFM<\/strong><br \/>\nBispo de Maring\u00e1, PR<br \/>\nPresidente do Regional Sul 4 da CNBB<\/p>\n<p><strong>D. Jo\u00e3o Bosco Barbosa de Sousa, OFM<\/strong><br \/>\nBispo de Osasco, SP<\/p>\n<p><strong>D. Bernardo Johannes Bahlmann, OFM<\/strong><br \/>\nBispo de \u00d3bidos, PA<\/p>\n<p><strong>D. Jaime Spengler, OFM<\/strong><br \/>\nArcebispo de Porto Alegre, RS<br \/>\nPresidente da CNBB<\/p>\n<p><strong>D. Evaristo Pascoal Spengler, OFM<\/strong><br \/>\nBispo de Roraima, RR<br \/>\n<span style=\"font-weight: 500;\">Membro da Comiss\u00e3o Episcopal Especial para a Amaz\u00f4nia Brasil<\/span><br \/>\n<span style=\"font-weight: 500;\">Presidente da REPAM Brasil<\/span>[\/vc_column_text][\/vc_column][vc_column width=&#8221;1\/3&#8243;][vc_column_text]<\/p>\n<h3>CONFER\u00caNCIA FRANCISCANA DO BRASIL E CONE SUL<\/h3>\n<p><strong>PROV\u00cdNCIA FRANCISCANA DA IMACULADA CONCEI\u00c7\u00c3O DO BRASIL<br \/>\nSede Provincial: <\/strong>S\u00e3o Paulo &#8211; SP<strong><br \/>\nMinistro Provincial: <\/strong>Frei Paulo Roberto Pereira, OFM<strong><br \/>\n<\/strong><\/p>\n<p><strong>PROV\u00cdNCIA FRANCISCANA DE SANTO ANT\u00d4NIO DO BRASIL<br \/>\nSede Provincial: <\/strong>Recife &#8211; PE<strong><br \/>\nMinistro Provincial: <\/strong>Frei Jo\u00e3o Amilton dos Santos, OFM<strong><br \/>\n<\/strong><\/p>\n<p><strong>PROV\u00cdNCIA FRANCISCANA DE SANTA CRUZ<br \/>\nSede Provincial: <\/strong>Belo Horizonte &#8211; MG<strong><br \/>\nMinistro Provincial: <\/strong>Frei Hilton Farias de Souza,\u00a0 OFM<\/p>\n<p><strong>PROV\u00cdNCIA FRANCISCANA DE S\u00c3O FRANCISCO DE ASSIS<br \/>\nSede Provincial: <\/strong>Porto Alegre &#8211; RS<strong><br \/>\nMinistro Provincial: <\/strong>Frei Marino Pedro Rhoden, OFM<\/p>\n<p><strong>PROV\u00cdNCIA FRANCISCANA DO SANT\u00cdSSIMO NOME DE JESUS\u00a0 DO BRASIL<br \/>\nSede Provincial: <\/strong>An\u00e1polis &#8211; GO<strong><br \/>\nMinistro Provincial: <\/strong>Frei Carlos Ant\u00f4nio da Silva<\/p>\n<p><strong>PROV\u00cdNCIA FRANCISCANA NOSSA SENHORA DA ASSUN\u00c7\u00c3O<br \/>\nSede Provincial: <\/strong>Bacabal &#8211; MA<strong><br \/>\nMinistro Provincial: <\/strong>Frei Ant\u00f4nio Pach\u00eaco Ramos, OFM<\/p>\n<p><strong>CUST\u00d3DIA FRANCISCANA S\u00c3O BENEDITO DA AMAZ\u00d4NIA<br \/>\nSede Custodial: <\/strong>Santar\u00e9m &#8211; PA<strong><br \/>\nMinistro Custodial: <\/strong>Frei Edilson Rocha, OFM<\/p>\n<p><strong>CUST\u00d3DIA FRANCISCANA DAS SETE ALEGRIAS DE NOSSA SENHORA<br \/>\nSede Custodial: <\/strong>Campo Grande &#8211; MS<strong><br \/>\nMinistro Custodial: <\/strong>Frei Rog\u00e9rio Viterbo de Sousa, OFM<\/p>\n<p><strong>CUST\u00d3DIA FRANCISCANA DO SAGRADO CORA\u00c7\u00c3O DE JESUS<br \/>\nSede: <\/strong>S\u00e3o Jos\u00e9 do Rio Preto &#8211; SP<strong><br \/>\nMinistro Custodial: <\/strong>Frei Fernando Aparecido dos Santos, OFM<\/p>\n<p><strong>PROVINCIA SAN FRANCISCO SOLANO<br \/>\nSede Provincial: <\/strong>R\u00edo Cuarto, C\u00f3rdoba \u2013 Argentina<strong><br \/>\nProvincial:<\/strong> Fray Daniel Alejandro Fleitas, OFM<\/p>\n<p><strong>PROVINCIA DE LA ASUNCI\u00d3N DE LA SANT\u00cdSIMA VIRGEN DEL R\u00cdO DE LA PLATA<\/strong><br \/>\n<strong>Sede Provincial:<\/strong> Ciudad Aut\u00f3noma de Buenos Aires \u2013 Argentina<br \/>\n<strong>Ministro Provincial:<\/strong> Fray Emilio Luis Andrada, OFM<\/p>\n<p><strong>PROVINCIA DE LA SANT\u00cdSIMA TRINIDAD<\/strong><br \/>\n<strong>Sede Provincial:<\/strong> Santiago de Chile &#8211; Chile<br \/>\n<strong>Ministro Provincial:<\/strong> Fray Carlos Guillermo Paz Guzm\u00e1n, OFM[\/vc_column_text][\/vc_column][\/vc_row][\/vc_section]<\/p>\n","protected":false},"excerpt":{"rendered":"<p>[vc_section][vc_row][vc_column][vc_basic_grid post_type=&#8221;ondestamos&#8221; max_items=&#8221;100&#8243; show_filter=&#8221;yes&#8221; element_width=&#8221;2&#8243; filter_style=&#8221;bordered-rounded&#8221; filter_color=&#8221;black&#8221; filter_size=&#8221;lg&#8221; item=&#8221;1455&#8243; grid_id=&#8221;vc_gid:1686911058873-8616eb1b-7738-2&#8243; filter_source=&#8221;cat-ondestamos&#8221;][\/vc_column][\/vc_row][\/vc_section][vc_section][vc_row][vc_column][vc_separator style=&#8221;shadow&#8221;][vc_custom_heading text=&#8221;FRADES A SERVI\u00c7O DE OUTRAS ENTIDADES, BISPOS E CFB&amp;CS&#8221; font_container=&#8221;tag:h2|font_size:30px|text_align:center|color:%23933b00|line_height:30px&#8221; google_fonts=&#8221;font_family:Playfair%20Display%3Aregular%2Citalic%2C700%2C700italic%2C900%2C900italic|font_style:700%20bold%20regular%3A700%3Anormal&#8221;][vc_empty_space][\/vc_column][\/vc_row][vc_row][vc_column width=&#8221;1\/3&#8243;][vc_column_text] A SERVI\u00c7O DE OUTRAS ENTIDADES OFM C\u00daRIA GERAL DA ORDEM DOS FRADES MENORES End.: Via di S. Maria Mediatrice, 25 00165 \u2013 Roma \u2013 It\u00e1lia Tel.: (39) 06 684-919 Frei C\u00e9sar [&hellip;]<\/p>\n","protected":false},"author":1,"featured_media":0,"parent":0,"menu_order":0,"comment_status":"closed","ping_status":"closed","template":"","meta":{"footnotes":""},"yoast_head":"<!-- This site is optimized with the Yoast SEO plugin v21.0 - https:\/\/yoast.com\/wordpress\/plugins\/seo\/ -->\n<title>Onde estamos - Quem Somos - Franciscanos<\/title>\n<meta name=\"robots\" content=\"index, follow, max-snippet:-1, max-image-preview:large, max-video-preview:-1\" \/>\n<link rel=\"canonical\" href=\"https:\/\/franciscanos.org.br\/quemsomos\/onde-estamos\/\" \/>\n<meta property=\"og:locale\" content=\"pt_BR\" \/>\n<meta property=\"og:type\" content=\"article\" \/>\n<meta property=\"og:title\" content=\"Onde estamos - Quem Somos - Franciscanos\" \/>\n<meta property=\"og:description\" content=\"[vc_section][vc_row][vc_column][vc_basic_grid post_type=&#8221;ondestamos&#8221; max_items=&#8221;100&#8243; show_filter=&#8221;yes&#8221; element_width=&#8221;2&#8243; filter_style=&#8221;bordered-rounded&#8221; filter_color=&#8221;black&#8221; filter_size=&#8221;lg&#8221; item=&#8221;1455&#8243; grid_id=&#8221;vc_gid:1686911058873-8616eb1b-7738-2&#8243; filter_source=&#8221;cat-ondestamos&#8221;][\/vc_column][\/vc_row][\/vc_section][vc_section][vc_row][vc_column][vc_separator style=&#8221;shadow&#8221;][vc_custom_heading text=&#8221;FRADES A SERVI\u00c7O DE OUTRAS ENTIDADES, BISPOS E CFB&amp;CS&#8221; font_container=&#8221;tag:h2|font_size:30px|text_align:center|color:%23933b00|line_height:30px&#8221; google_fonts=&#8221;font_family:Playfair%20Display%3Aregular%2Citalic%2C700%2C700italic%2C900%2C900italic|font_style:700%20bold%20regular%3A700%3Anormal&#8221;][vc_empty_space][\/vc_column][\/vc_row][vc_row][vc_column width=&#8221;1\/3&#8243;][vc_column_text] A SERVI\u00c7O DE OUTRAS ENTIDADES OFM C\u00daRIA GERAL DA ORDEM DOS FRADES MENORES End.: Via di S. Maria Mediatrice, 25 00165 \u2013 Roma \u2013 It\u00e1lia Tel.: (39) 06 684-919 Frei C\u00e9sar [&hellip;]\" \/>\n<meta property=\"og:url\" content=\"https:\/\/franciscanos.org.br\/quemsomos\/onde-estamos\/\" \/>\n<meta property=\"og:site_name\" content=\"Quem Somos - Franciscanos\" \/>\n<meta property=\"article:modified_time\" content=\"2023-06-16T10:25:27+00:00\" \/>\n<meta name=\"twitter:card\" content=\"summary_large_image\" \/>\n<meta name=\"twitter:label1\" content=\"Est. tempo de leitura\" \/>\n\t<meta name=\"twitter:data1\" content=\"3 minutos\" \/>\n<script type=\"application\/ld+json\" class=\"yoast-schema-graph\">{\"@context\":\"https:\/\/schema.org\",\"@graph\":[{\"@type\":\"WebPage\",\"@id\":\"https:\/\/franciscanos.org.br\/quemsomos\/onde-estamos\/\",\"url\":\"https:\/\/franciscanos.org.br\/quemsomos\/onde-estamos\/\",\"name\":\"Onde estamos - Quem Somos - Franciscanos\",\"isPartOf\":{\"@id\":\"https:\/\/franciscanos.org.br\/quemsomos\/#website\"},\"datePublished\":\"2018-10-18T06:14:01+00:00\",\"dateModified\":\"2023-06-16T10:25:27+00:00\",\"breadcrumb\":{\"@id\":\"https:\/\/franciscanos.org.br\/quemsomos\/onde-estamos\/#breadcrumb\"},\"inLanguage\":\"pt-BR\",\"potentialAction\":[{\"@type\":\"ReadAction\",\"target\":[\"https:\/\/franciscanos.org.br\/quemsomos\/onde-estamos\/\"]}]},{\"@type\":\"BreadcrumbList\",\"@id\":\"https:\/\/franciscanos.org.br\/quemsomos\/onde-estamos\/#breadcrumb\",\"itemListElement\":[{\"@type\":\"ListItem\",\"position\":1,\"name\":\"Home\",\"item\":\"https:\/\/franciscanos.org.br\/quemsomos\/\"},{\"@type\":\"ListItem\",\"position\":2,\"name\":\"Onde estamos\"}]},{\"@type\":\"WebSite\",\"@id\":\"https:\/\/franciscanos.org.br\/quemsomos\/#website\",\"url\":\"https:\/\/franciscanos.org.br\/quemsomos\/\",\"name\":\"Quem Somos - Franciscanos\",\"description\":\"Prov\u00edncia Franciscana da Imaculada Concei\u00e7\u00e3o do Brasil - Ordem dos Frades Menores\",\"potentialAction\":[{\"@type\":\"SearchAction\",\"target\":{\"@type\":\"EntryPoint\",\"urlTemplate\":\"https:\/\/franciscanos.org.br\/quemsomos\/?s={search_term_string}\"},\"query-input\":\"required name=search_term_string\"}],\"inLanguage\":\"pt-BR\"}]}<\/script>\n<!-- \/ Yoast SEO plugin. -->","yoast_head_json":{"title":"Onde estamos - Quem Somos - Franciscanos","robots":{"index":"index","follow":"follow","max-snippet":"max-snippet:-1","max-image-preview":"max-image-preview:large","max-video-preview":"max-video-preview:-1"},"canonical":"https:\/\/franciscanos.org.br\/quemsomos\/onde-estamos\/","og_locale":"pt_BR","og_type":"article","og_title":"Onde estamos - Quem Somos - Franciscanos","og_description":"[vc_section][vc_row][vc_column][vc_basic_grid post_type=&#8221;ondestamos&#8221; max_items=&#8221;100&#8243; show_filter=&#8221;yes&#8221; element_width=&#8221;2&#8243; filter_style=&#8221;bordered-rounded&#8221; filter_color=&#8221;black&#8221; filter_size=&#8221;lg&#8221; item=&#8221;1455&#8243; grid_id=&#8221;vc_gid:1686911058873-8616eb1b-7738-2&#8243; filter_source=&#8221;cat-ondestamos&#8221;][\/vc_column][\/vc_row][\/vc_section][vc_section][vc_row][vc_column][vc_separator style=&#8221;shadow&#8221;][vc_custom_heading text=&#8221;FRADES A SERVI\u00c7O DE OUTRAS ENTIDADES, BISPOS E CFB&amp;CS&#8221; font_container=&#8221;tag:h2|font_size:30px|text_align:center|color:%23933b00|line_height:30px&#8221; google_fonts=&#8221;font_family:Playfair%20Display%3Aregular%2Citalic%2C700%2C700italic%2C900%2C900italic|font_style:700%20bold%20regular%3A700%3Anormal&#8221;][vc_empty_space][\/vc_column][\/vc_row][vc_row][vc_column width=&#8221;1\/3&#8243;][vc_column_text] A SERVI\u00c7O DE OUTRAS ENTIDADES OFM C\u00daRIA GERAL DA ORDEM DOS FRADES MENORES End.: Via di S. Maria Mediatrice, 25 00165 \u2013 Roma \u2013 It\u00e1lia Tel.: (39) 06 684-919 Frei C\u00e9sar [&hellip;]","og_url":"https:\/\/franciscanos.org.br\/quemsomos\/onde-estamos\/","og_site_name":"Quem Somos - Franciscanos","article_modified_time":"2023-06-16T10:25:27+00:00","twitter_card":"summary_large_image","twitter_misc":{"Est. tempo de leitura":"3 minutos"},"schema":{"@context":"https:\/\/schema.org","@graph":[{"@type":"WebPage","@id":"https:\/\/franciscanos.org.br\/quemsomos\/onde-estamos\/","url":"https:\/\/franciscanos.org.br\/quemsomos\/onde-estamos\/","name":"Onde estamos - Quem Somos - Franciscanos","isPartOf":{"@id":"https:\/\/franciscanos.org.br\/quemsomos\/#website"},"datePublished":"2018-10-18T06:14:01+00:00","dateModified":"2023-06-16T10:25:27+00:00","breadcrumb":{"@id":"https:\/\/franciscanos.org.br\/quemsomos\/onde-estamos\/#breadcrumb"},"inLanguage":"pt-BR","potentialAction":[{"@type":"ReadAction","target":["https:\/\/franciscanos.org.br\/quemsomos\/onde-estamos\/"]}]},{"@type":"BreadcrumbList","@id":"https:\/\/franciscanos.org.br\/quemsomos\/onde-estamos\/#breadcrumb","itemListElement":[{"@type":"ListItem","position":1,"name":"Home","item":"https:\/\/franciscanos.org.br\/quemsomos\/"},{"@type":"ListItem","position":2,"name":"Onde estamos"}]},{"@type":"WebSite","@id":"https:\/\/franciscanos.org.br\/quemsomos\/#website","url":"https:\/\/franciscanos.org.br\/quemsomos\/","name":"Quem Somos - Franciscanos","description":"Prov\u00edncia Franciscana da Imaculada Concei\u00e7\u00e3o do Brasil - Ordem dos Frades Menores","potentialAction":[{"@type":"SearchAction","target":{"@type":"EntryPoint","urlTemplate":"https:\/\/franciscanos.org.br\/quemsomos\/?s={search_term_string}"},"query-input":"required name=search_term_string"}],"inLanguage":"pt-BR"}]}},"_links":{"self":[{"href":"https:\/\/franciscanos.org.br\/quemsomos\/wp-json\/wp\/v2\/pages\/102"}],"collection":[{"href":"https:\/\/franciscanos.org.br\/quemsomos\/wp-json\/wp\/v2\/pages"}],"about":[{"href":"https:\/\/franciscanos.org.br\/quemsomos\/wp-json\/wp\/v2\/types\/page"}],"author":[{"embeddable":true,"href":"https:\/\/franciscanos.org.br\/quemsomos\/wp-json\/wp\/v2\/users\/1"}],"replies":[{"embeddable":true,"href":"https:\/\/franciscanos.org.br\/quemsomos\/wp-json\/wp\/v2\/comments?post=102"}],"version-history":[{"count":30,"href":"https:\/\/franciscanos.org.br\/quemsomos\/wp-json\/wp\/v2\/pages\/102\/revisions"}],"predecessor-version":[{"id":161285,"href":"https:\/\/franciscanos.org.br\/quemsomos\/wp-json\/wp\/v2\/pages\/102\/revisions\/161285"}],"wp:attachment":[{"href":"https:\/\/franciscanos.org.br\/quemsomos\/wp-json\/wp\/v2\/media?parent=102"}],"curies":[{"name":"wp","href":"https:\/\/api.w.org\/{rel}","templated":true}]}}