{"id":188646,"date":"2023-04-18T17:08:16","date_gmt":"2023-04-18T20:08:16","guid":{"rendered":"https:\/\/franciscanos.org.br\/hospedaria\/?page_id=188646"},"modified":"2023-04-18T17:08:52","modified_gmt":"2023-04-18T20:08:52","slug":"agudos-contatos-2","status":"publish","type":"page","link":"https:\/\/franciscanos.org.br\/hospedaria\/agudos-contatos-2\/","title":{"rendered":"Entre em contato"},"content":{"rendered":"<p>[vc_row][vc_column width=&#8221;1\/2&#8243;][vc_column_text css_animation=&#8221;fadeInLeft&#8221;]<em>Para mais informa\u00e7\u00f5es e or\u00e7amentos para realiza\u00e7\u00e3o de eventos em grupos, contate-nos atrav\u00e9s dos canais:<\/em><\/p>\n<h4>Semin\u00e1rio Santo Ant\u00f4nio<\/h4>\n<p>Estrada de Piratininga, km 4<br \/>\nAcesso Frei Greg\u00f3rio Jonhscher<br \/>\nAgudos \u2013 SP<br \/>\nCaixa Postal, 32<br \/>\nCEP. 17120-000<\/p>\n<p><strong>Telefone:<\/strong> (14) 3262-1215, (14) 3262-1352, (14) 3262-3260 e (14) 3262-1514<\/p>\n<p><strong>E-mail: <\/strong>tesouraria@seminario.org.br<\/p>\n<p><strong>Redes Sociais:<\/strong><br \/>\nfacebook.com\/SeminarioSA\/<br \/>\ninstagram.com\/seminarioagudos.ofm\/[\/vc_column_text][\/vc_column][vc_column width=&#8221;1\/2&#8243;][vc_gmaps link=&#8221;#E-8_JTNDaWZyYW1lJTIwc3JjJTNEJTIyaHR0cHMlM0ElMkYlMkZ3d3cuZ29vZ2xlLmNvbSUyRm1hcHMlMkZlbWJlZCUzRnBiJTNEJTIxMW0xOCUyMTFtMTIlMjExbTMlMjExZDM2ODYuMTU3OTAzNjgzMjkyJTIxMmQtNDkuMDA1ODQ3NzIzMTY3NTU1JTIxM2QtMjIuNDk4MjU4MDIzNDAxNCUyMTJtMyUyMTFmMCUyMTJmMCUyMTNmMCUyMTNtMiUyMTFpMTAyNCUyMTJpNzY4JTIxNGYxMy4xJTIxM20zJTIxMW0yJTIxMXMweDk0YzBhMTgyZTA2N2U4ODclMjUzQTB4OGYyMTZkNWRhYjQyMzRiMCUyMTJzU2VtaW4lMjVDMyUyNUExcmlvJTI1MjBTYW50byUyNTIwQW50JTI1QzMlMjVCNG5pbyUyMTVlMCUyMTNtMiUyMTFzcHQtUFQlMjEyc2JyJTIxNHYxNjgxODQ4NDY5OTYxJTIxNW0yJTIxMXNwdC1QVCUyMTJzYnIlMjIlMjB3aWR0aCUzRCUyMjYwMCUyMiUyMGhlaWdodCUzRCUyMjQ1MCUyMiUyMHN0eWxlJTNEJTIyYm9yZGVyJTNBMCUzQiUyMiUyMGFsbG93ZnVsbHNjcmVlbiUzRCUyMiUyMiUyMGxvYWRpbmclM0QlMjJsYXp5JTIyJTIwcmVmZXJyZXJwb2xpY3klM0QlMjJuby1yZWZlcnJlci13aGVuLWRvd25ncmFkZSUyMiUzRSUzQyUyRmlmcmFtZSUzRQ==&#8221; css_animation=&#8221;fadeInRight&#8221;][\/vc_column][\/vc_row][vc_row][vc_column][vc_single_image image=&#8221;188647&#8243; img_size=&#8221;full&#8221; alignment=&#8221;center&#8221; css_animation=&#8221;bounceIn&#8221;][\/vc_column][\/vc_row]<\/p>\n","protected":false},"excerpt":{"rendered":"<p>[vc_row][vc_column width=&#8221;1\/2&#8243;][vc_column_text css_animation=&#8221;fadeInLeft&#8221;]Para mais informa\u00e7\u00f5es e or\u00e7amentos para realiza\u00e7\u00e3o de eventos em grupos, contate-nos atrav\u00e9s dos canais: Semin\u00e1rio Santo Ant\u00f4nio Estrada de Piratininga, km 4 Acesso Frei Greg\u00f3rio Jonhscher Agudos \u2013 SP Caixa Postal, 32 CEP. 17120-000 Telefone: (14) 3262-1215, (14) 3262-1352, (14) 3262-3260 e (14) 3262-1514 E-mail: tesouraria@seminario.org.br Redes Sociais: facebook.com\/SeminarioSA\/ instagram.com\/seminarioagudos.ofm\/[\/vc_column_text][\/vc_column][vc_column width=&#8221;1\/2&#8243;][vc_gmaps link=&#8221;#E-8_JTNDaWZyYW1lJTIwc3JjJTNEJTIyaHR0cHMlM0ElMkYlMkZ3d3cuZ29vZ2xlLmNvbSUyRm1hcHMlMkZlbWJlZCUzRnBiJTNEJTIxMW0xOCUyMTFtMTIlMjExbTMlMjExZDM2ODYuMTU3OTAzNjgzMjkyJTIxMmQtNDkuMDA1ODQ3NzIzMTY3NTU1JTIxM2QtMjIuNDk4MjU4MDIzNDAxNCUyMTJtMyUyMTFmMCUyMTJmMCUyMTNmMCUyMTNtMiUyMTFpMTAyNCUyMTJpNzY4JTIxNGYxMy4xJTIxM20zJTIxMW0yJTIxMXMweDk0YzBhMTgyZTA2N2U4ODclMjUzQTB4OGYyMTZkNWRhYjQyMzRiMCUyMTJzU2VtaW4lMjVDMyUyNUExcmlvJTI1MjBTYW50byUyNTIwQW50JTI1QzMlMjVCNG5pbyUyMTVlMCUyMTNtMiUyMTFzcHQtUFQlMjEyc2JyJTIxNHYxNjgxODQ4NDY5OTYxJTIxNW0yJTIxMXNwdC1QVCUyMTJzYnIlMjIlMjB3aWR0aCUzRCUyMjYwMCUyMiUyMGhlaWdodCUzRCUyMjQ1MCUyMiUyMHN0eWxlJTNEJTIyYm9yZGVyJTNBMCUzQiUyMiUyMGFsbG93ZnVsbHNjcmVlbiUzRCUyMiUyMiUyMGxvYWRpbmclM0QlMjJsYXp5JTIyJTIwcmVmZXJyZXJwb2xpY3klM0QlMjJuby1yZWZlcnJlci13aGVuLWRvd25ncmFkZSUyMiUzRSUzQyUyRmlmcmFtZSUzRQ==&#8221; [&hellip;]<\/p>\n","protected":false},"author":1,"featured_media":0,"parent":0,"menu_order":0,"comment_status":"closed","ping_status":"closed","template":"","meta":[],"yoast_head":"<!-- This site is optimized with the Yoast SEO plugin v19.4 - https:\/\/yoast.com\/wordpress\/plugins\/seo\/ -->\n<title>Entre em contato - Hospedaria - Franciscanos<\/title>\n<meta name=\"robots\" content=\"index, follow, max-snippet:-1, max-image-preview:large, max-video-preview:-1\" \/>\n<link rel=\"canonical\" href=\"https:\/\/franciscanos.org.br\/hospedaria\/agudos-contatos-2\/\" \/>\n<meta property=\"og:locale\" content=\"pt_BR\" \/>\n<meta property=\"og:type\" content=\"article\" \/>\n<meta property=\"og:title\" content=\"Entre em contato - Hospedaria - Franciscanos\" \/>\n<meta property=\"og:description\" content=\"[vc_row][vc_column width=&#8221;1\/2&#8243;][vc_column_text css_animation=&#8221;fadeInLeft&#8221;]Para mais informa\u00e7\u00f5es e or\u00e7amentos para realiza\u00e7\u00e3o de eventos em grupos, contate-nos atrav\u00e9s dos canais: Semin\u00e1rio Santo Ant\u00f4nio Estrada de Piratininga, km 4 Acesso Frei Greg\u00f3rio Jonhscher Agudos \u2013 SP Caixa Postal, 32 CEP. 17120-000 Telefone: (14) 3262-1215, (14) 3262-1352, (14) 3262-3260 e (14) 3262-1514 E-mail: tesouraria@seminario.org.br Redes Sociais: facebook.com\/SeminarioSA\/ instagram.com\/seminarioagudos.ofm\/[\/vc_column_text][\/vc_column][vc_column width=&#8221;1\/2&#8243;][vc_gmaps link=&#8221;#E-8_JTNDaWZyYW1lJTIwc3JjJTNEJTIyaHR0cHMlM0ElMkYlMkZ3d3cuZ29vZ2xlLmNvbSUyRm1hcHMlMkZlbWJlZCUzRnBiJTNEJTIxMW0xOCUyMTFtMTIlMjExbTMlMjExZDM2ODYuMTU3OTAzNjgzMjkyJTIxMmQtNDkuMDA1ODQ3NzIzMTY3NTU1JTIxM2QtMjIuNDk4MjU4MDIzNDAxNCUyMTJtMyUyMTFmMCUyMTJmMCUyMTNmMCUyMTNtMiUyMTFpMTAyNCUyMTJpNzY4JTIxNGYxMy4xJTIxM20zJTIxMW0yJTIxMXMweDk0YzBhMTgyZTA2N2U4ODclMjUzQTB4OGYyMTZkNWRhYjQyMzRiMCUyMTJzU2VtaW4lMjVDMyUyNUExcmlvJTI1MjBTYW50byUyNTIwQW50JTI1QzMlMjVCNG5pbyUyMTVlMCUyMTNtMiUyMTFzcHQtUFQlMjEyc2JyJTIxNHYxNjgxODQ4NDY5OTYxJTIxNW0yJTIxMXNwdC1QVCUyMTJzYnIlMjIlMjB3aWR0aCUzRCUyMjYwMCUyMiUyMGhlaWdodCUzRCUyMjQ1MCUyMiUyMHN0eWxlJTNEJTIyYm9yZGVyJTNBMCUzQiUyMiUyMGFsbG93ZnVsbHNjcmVlbiUzRCUyMiUyMiUyMGxvYWRpbmclM0QlMjJsYXp5JTIyJTIwcmVmZXJyZXJwb2xpY3klM0QlMjJuby1yZWZlcnJlci13aGVuLWRvd25ncmFkZSUyMiUzRSUzQyUyRmlmcmFtZSUzRQ==&#8221; [&hellip;]\" \/>\n<meta property=\"og:url\" content=\"https:\/\/franciscanos.org.br\/hospedaria\/agudos-contatos-2\/\" \/>\n<meta property=\"og:site_name\" content=\"Hospedaria - Franciscanos\" \/>\n<meta property=\"article:modified_time\" content=\"2023-04-18T20:08:52+00:00\" \/>\n<meta name=\"twitter:card\" content=\"summary_large_image\" \/>\n<meta name=\"twitter:label1\" content=\"Est. tempo de leitura\" \/>\n\t<meta name=\"twitter:data1\" content=\"1 minuto\" \/>\n<script type=\"application\/ld+json\" class=\"yoast-schema-graph\">{\"@context\":\"https:\/\/schema.org\",\"@graph\":[{\"@type\":\"WebSite\",\"@id\":\"https:\/\/franciscanos.org.br\/hospedaria\/#website\",\"url\":\"https:\/\/franciscanos.org.br\/hospedaria\/\",\"name\":\"Hospedaria - Franciscanos\",\"description\":\"Prov\u00edncia Franciscana da Imaculada Concei\u00e7\u00e3o do Brasil - Ordem dos Frades Menores\",\"potentialAction\":[{\"@type\":\"SearchAction\",\"target\":{\"@type\":\"EntryPoint\",\"urlTemplate\":\"https:\/\/franciscanos.org.br\/hospedaria\/?s={search_term_string}\"},\"query-input\":\"required name=search_term_string\"}],\"inLanguage\":\"pt-BR\"},{\"@type\":\"WebPage\",\"@id\":\"https:\/\/franciscanos.org.br\/hospedaria\/agudos-contatos-2\/\",\"url\":\"https:\/\/franciscanos.org.br\/hospedaria\/agudos-contatos-2\/\",\"name\":\"Entre em contato - Hospedaria - Franciscanos\",\"isPartOf\":{\"@id\":\"https:\/\/franciscanos.org.br\/hospedaria\/#website\"},\"datePublished\":\"2023-04-18T20:08:16+00:00\",\"dateModified\":\"2023-04-18T20:08:52+00:00\",\"breadcrumb\":{\"@id\":\"https:\/\/franciscanos.org.br\/hospedaria\/agudos-contatos-2\/#breadcrumb\"},\"inLanguage\":\"pt-BR\",\"potentialAction\":[{\"@type\":\"ReadAction\",\"target\":[\"https:\/\/franciscanos.org.br\/hospedaria\/agudos-contatos-2\/\"]}]},{\"@type\":\"BreadcrumbList\",\"@id\":\"https:\/\/franciscanos.org.br\/hospedaria\/agudos-contatos-2\/#breadcrumb\",\"itemListElement\":[{\"@type\":\"ListItem\",\"position\":1,\"name\":\"Home\",\"item\":\"https:\/\/franciscanos.org.br\/hospedaria\/\"},{\"@type\":\"ListItem\",\"position\":2,\"name\":\"Entre em contato\"}]}]}<\/script>\n<!-- \/ Yoast SEO plugin. -->","yoast_head_json":{"title":"Entre em contato - Hospedaria - Franciscanos","robots":{"index":"index","follow":"follow","max-snippet":"max-snippet:-1","max-image-preview":"max-image-preview:large","max-video-preview":"max-video-preview:-1"},"canonical":"https:\/\/franciscanos.org.br\/hospedaria\/agudos-contatos-2\/","og_locale":"pt_BR","og_type":"article","og_title":"Entre em contato - Hospedaria - Franciscanos","og_description":"[vc_row][vc_column width=&#8221;1\/2&#8243;][vc_column_text css_animation=&#8221;fadeInLeft&#8221;]Para mais informa\u00e7\u00f5es e or\u00e7amentos para realiza\u00e7\u00e3o de eventos em grupos, contate-nos atrav\u00e9s dos canais: Semin\u00e1rio Santo Ant\u00f4nio Estrada de Piratininga, km 4 Acesso Frei Greg\u00f3rio Jonhscher Agudos \u2013 SP Caixa Postal, 32 CEP. 17120-000 Telefone: (14) 3262-1215, (14) 3262-1352, (14) 3262-3260 e (14) 3262-1514 E-mail: tesouraria@seminario.org.br Redes Sociais: facebook.com\/SeminarioSA\/ instagram.com\/seminarioagudos.ofm\/[\/vc_column_text][\/vc_column][vc_column width=&#8221;1\/2&#8243;][vc_gmaps link=&#8221;#E-8_JTNDaWZyYW1lJTIwc3JjJTNEJTIyaHR0cHMlM0ElMkYlMkZ3d3cuZ29vZ2xlLmNvbSUyRm1hcHMlMkZlbWJlZCUzRnBiJTNEJTIxMW0xOCUyMTFtMTIlMjExbTMlMjExZDM2ODYuMTU3OTAzNjgzMjkyJTIxMmQtNDkuMDA1ODQ3NzIzMTY3NTU1JTIxM2QtMjIuNDk4MjU4MDIzNDAxNCUyMTJtMyUyMTFmMCUyMTJmMCUyMTNmMCUyMTNtMiUyMTFpMTAyNCUyMTJpNzY4JTIxNGYxMy4xJTIxM20zJTIxMW0yJTIxMXMweDk0YzBhMTgyZTA2N2U4ODclMjUzQTB4OGYyMTZkNWRhYjQyMzRiMCUyMTJzU2VtaW4lMjVDMyUyNUExcmlvJTI1MjBTYW50byUyNTIwQW50JTI1QzMlMjVCNG5pbyUyMTVlMCUyMTNtMiUyMTFzcHQtUFQlMjEyc2JyJTIxNHYxNjgxODQ4NDY5OTYxJTIxNW0yJTIxMXNwdC1QVCUyMTJzYnIlMjIlMjB3aWR0aCUzRCUyMjYwMCUyMiUyMGhlaWdodCUzRCUyMjQ1MCUyMiUyMHN0eWxlJTNEJTIyYm9yZGVyJTNBMCUzQiUyMiUyMGFsbG93ZnVsbHNjcmVlbiUzRCUyMiUyMiUyMGxvYWRpbmclM0QlMjJsYXp5JTIyJTIwcmVmZXJyZXJwb2xpY3klM0QlMjJuby1yZWZlcnJlci13aGVuLWRvd25ncmFkZSUyMiUzRSUzQyUyRmlmcmFtZSUzRQ==&#8221; [&hellip;]","og_url":"https:\/\/franciscanos.org.br\/hospedaria\/agudos-contatos-2\/","og_site_name":"Hospedaria - Franciscanos","article_modified_time":"2023-04-18T20:08:52+00:00","twitter_card":"summary_large_image","twitter_misc":{"Est. tempo de leitura":"1 minuto"},"schema":{"@context":"https:\/\/schema.org","@graph":[{"@type":"WebSite","@id":"https:\/\/franciscanos.org.br\/hospedaria\/#website","url":"https:\/\/franciscanos.org.br\/hospedaria\/","name":"Hospedaria - Franciscanos","description":"Prov\u00edncia Franciscana da Imaculada Concei\u00e7\u00e3o do Brasil - Ordem dos Frades Menores","potentialAction":[{"@type":"SearchAction","target":{"@type":"EntryPoint","urlTemplate":"https:\/\/franciscanos.org.br\/hospedaria\/?s={search_term_string}"},"query-input":"required name=search_term_string"}],"inLanguage":"pt-BR"},{"@type":"WebPage","@id":"https:\/\/franciscanos.org.br\/hospedaria\/agudos-contatos-2\/","url":"https:\/\/franciscanos.org.br\/hospedaria\/agudos-contatos-2\/","name":"Entre em contato - Hospedaria - Franciscanos","isPartOf":{"@id":"https:\/\/franciscanos.org.br\/hospedaria\/#website"},"datePublished":"2023-04-18T20:08:16+00:00","dateModified":"2023-04-18T20:08:52+00:00","breadcrumb":{"@id":"https:\/\/franciscanos.org.br\/hospedaria\/agudos-contatos-2\/#breadcrumb"},"inLanguage":"pt-BR","potentialAction":[{"@type":"ReadAction","target":["https:\/\/franciscanos.org.br\/hospedaria\/agudos-contatos-2\/"]}]},{"@type":"BreadcrumbList","@id":"https:\/\/franciscanos.org.br\/hospedaria\/agudos-contatos-2\/#breadcrumb","itemListElement":[{"@type":"ListItem","position":1,"name":"Home","item":"https:\/\/franciscanos.org.br\/hospedaria\/"},{"@type":"ListItem","position":2,"name":"Entre em contato"}]}]}},"_links":{"self":[{"href":"https:\/\/franciscanos.org.br\/hospedaria\/wp-json\/wp\/v2\/pages\/188646"}],"collection":[{"href":"https:\/\/franciscanos.org.br\/hospedaria\/wp-json\/wp\/v2\/pages"}],"about":[{"href":"https:\/\/franciscanos.org.br\/hospedaria\/wp-json\/wp\/v2\/types\/page"}],"author":[{"embeddable":true,"href":"https:\/\/franciscanos.org.br\/hospedaria\/wp-json\/wp\/v2\/users\/1"}],"replies":[{"embeddable":true,"href":"https:\/\/franciscanos.org.br\/hospedaria\/wp-json\/wp\/v2\/comments?post=188646"}],"version-history":[{"count":1,"href":"https:\/\/franciscanos.org.br\/hospedaria\/wp-json\/wp\/v2\/pages\/188646\/revisions"}],"predecessor-version":[{"id":188648,"href":"https:\/\/franciscanos.org.br\/hospedaria\/wp-json\/wp\/v2\/pages\/188646\/revisions\/188648"}],"wp:attachment":[{"href":"https:\/\/franciscanos.org.br\/hospedaria\/wp-json\/wp\/v2\/media?parent=188646"}],"curies":[{"name":"wp","href":"https:\/\/api.w.org\/{rel}","templated":true}]}}