{"id":188274,"date":"2022-07-18T11:15:18","date_gmt":"2022-07-18T14:15:18","guid":{"rendered":"https:\/\/franciscanos.org.br\/conventosantoantonio\/?page_id=188274"},"modified":"2022-07-18T11:15:18","modified_gmt":"2022-07-18T14:15:18","slug":"vocacional","status":"publish","type":"page","link":"https:\/\/franciscanos.org.br\/conventosantoantonio\/vocacional\/","title":{"rendered":"Vocacional"},"content":{"rendered":"<p><strong><img loading=\"lazy\" class=\"size-medium wp-image-188263 alignright\" src=\"https:\/\/franciscanos.org.br\/conventosantoantonio\/wp-content\/uploads\/2022\/07\/vocacional_franciscanos-360x450.jpg\" alt=\"\" width=\"360\" height=\"450\" srcset=\"https:\/\/franciscanos.org.br\/conventosantoantonio\/wp-content\/uploads\/2022\/07\/vocacional_franciscanos-360x450.jpg 360w, https:\/\/franciscanos.org.br\/conventosantoantonio\/wp-content\/uploads\/2022\/07\/vocacional_franciscanos-819x1024.jpg 819w, https:\/\/franciscanos.org.br\/conventosantoantonio\/wp-content\/uploads\/2022\/07\/vocacional_franciscanos-768x960.jpg 768w, https:\/\/franciscanos.org.br\/conventosantoantonio\/wp-content\/uploads\/2022\/07\/vocacional_franciscanos-1228x1536.jpg 1228w, https:\/\/franciscanos.org.br\/conventosantoantonio\/wp-content\/uploads\/2022\/07\/vocacional_franciscanos-1638x2048.jpg 1638w, https:\/\/franciscanos.org.br\/conventosantoantonio\/wp-content\/uploads\/2022\/07\/vocacional_franciscanos-150x188.jpg 150w, https:\/\/franciscanos.org.br\/conventosantoantonio\/wp-content\/uploads\/2022\/07\/vocacional_franciscanos-scaled.jpg 863w\" sizes=\"(max-width: 360px) 100vw, 360px\" \/>Como buscar orienta\u00e7\u00e3o no Convento<\/strong><\/p>\n<p>A miss\u00e3o do Servi\u00e7o de Anima\u00e7\u00e3o Vocacional \u2013 SAV \u2013 \u00e9 \u201ccoordenar e animar o trabalho vocacional nas diferentes frentes da Fraternidade Provincial\u201d. Entre os seus objetivos, est\u00e3o: despertar voca\u00e7\u00f5es para o servi\u00e7o do Evangelho; apresentar aos jovens o carisma franciscano.<\/p>\n<p>Os candidatos que desejarem conhecer a Ordem dos Frades Menores (Franciscanos) e a Prov\u00edncia Franciscana da Imaculada Concei\u00e7\u00e3o do Brasil \u2013 presente nos estados do Esp\u00edrito Santo, Rio de Janeiro, S\u00e3o Paulo, Santa Catarina e Paran\u00e1 \u2013 devem entrar em contato o animador vocacional do Convento Santo Ant\u00f4nio.<\/p>\n<p>Este servi\u00e7o tem como sede o Centro Vocacional Franciscano, que fica em S\u00e3o Paulo, Largo S\u00e3o Francisco, 133, CEP 01005-010. Telefone: (11) 3291-2415.<\/p>\n<p><a href=\"https:\/\/franciscanos.org.br\/vocacional\/\"><strong>CLIQUE AQUI E VEJA MAIS INFORMA\u00c7\u00d5ES NO SITE\u00a0<\/strong><\/a><\/p>\n<table border=\"0\" width=\"100%\" cellspacing=\"3\" cellpadding=\"3\">\n<tbody>\n<tr bgcolor=\"#FFE8D9\">\n<td bgcolor=\"#FFE8D9\" width=\"45%\">\n<table border=\"0\" width=\"100%\" cellspacing=\"5\" cellpadding=\"5\">\n<tbody>\n<tr>\n<td valign=\"top\" bgcolor=\"#FFFFFF\" width=\"50%\"><em>Frei\u00a0R\u00f3ger Brunorio<br \/>\nfrroger@franciscanos.org.br<br \/>\n<\/em><strong>Fraternidade Franciscana Santo Ant\u00f4nio<\/strong><br \/>\n<strong>Regional: Rio de Janeiro<\/strong><br \/>\n<strong>Telefone:<\/strong>\u00a0(21) 2262 0129<br \/>\nLargo da Carioca, S\/N<br \/>\nRio de Janeiro \u2013 RJ<br \/>\nCEP: 20050-020<\/td>\n<td valign=\"top\" bgcolor=\"#FFFFFF\" width=\"50%\"><strong>Fraternidade Franciscana<br \/>\n<\/strong><strong>Nossa Senhora da Boa Viagem<\/strong><strong><br \/>\n<\/strong>Telefone: (21) 3322-5525<br \/>\nEstrada da G\u00e1vea, 445<br \/>\nRocinha \u2013 Rio de Janeiro \u2013 RJ<br \/>\nCEP: 22451-265<\/td>\n<\/tr>\n<\/tbody>\n<\/table>\n<\/td>\n<\/tr>\n<\/tbody>\n<\/table>\n","protected":false},"excerpt":{"rendered":"<p>Como buscar orienta\u00e7\u00e3o no Convento A miss\u00e3o do Servi\u00e7o de Anima\u00e7\u00e3o Vocacional \u2013 SAV \u2013 \u00e9 \u201ccoordenar e animar o trabalho vocacional nas diferentes frentes da Fraternidade Provincial\u201d. Entre os seus objetivos, est\u00e3o: despertar voca\u00e7\u00f5es para o servi\u00e7o do Evangelho; apresentar aos jovens o carisma franciscano. Os candidatos que desejarem conhecer a Ordem dos Frades [&hellip;]<\/p>\n","protected":false},"author":3,"featured_media":188263,"parent":0,"menu_order":0,"comment_status":"closed","ping_status":"closed","template":"","meta":[],"yoast_head":"<!-- This site is optimized with the Yoast SEO plugin v19.4 - https:\/\/yoast.com\/wordpress\/plugins\/seo\/ -->\n<title>Vocacional - Convento Santo Ant\u00f4nio- Franciscanos<\/title>\n<meta name=\"robots\" content=\"index, follow, max-snippet:-1, max-image-preview:large, max-video-preview:-1\" \/>\n<link rel=\"canonical\" href=\"https:\/\/franciscanos.org.br\/conventosantoantonio\/vocacional\/\" \/>\n<meta property=\"og:locale\" content=\"pt_BR\" \/>\n<meta property=\"og:type\" content=\"article\" \/>\n<meta property=\"og:title\" content=\"Vocacional - Convento Santo Ant\u00f4nio- Franciscanos\" \/>\n<meta property=\"og:description\" content=\"Como buscar orienta\u00e7\u00e3o no Convento A miss\u00e3o do Servi\u00e7o de Anima\u00e7\u00e3o Vocacional \u2013 SAV \u2013 \u00e9 \u201ccoordenar e animar o trabalho vocacional nas diferentes frentes da Fraternidade Provincial\u201d. Entre os seus objetivos, est\u00e3o: despertar voca\u00e7\u00f5es para o servi\u00e7o do Evangelho; apresentar aos jovens o carisma franciscano. Os candidatos que desejarem conhecer a Ordem dos Frades [&hellip;]\" \/>\n<meta property=\"og:url\" content=\"https:\/\/franciscanos.org.br\/conventosantoantonio\/vocacional\/\" \/>\n<meta property=\"og:site_name\" content=\"Convento Santo Ant\u00f4nio- Franciscanos\" \/>\n<meta property=\"og:image\" content=\"https:\/\/franciscanos.org.br\/conventosantoantonio\/wp-content\/uploads\/2022\/07\/vocacional_franciscanos-scaled.jpg\" \/>\n\t<meta property=\"og:image:width\" content=\"863\" \/>\n\t<meta property=\"og:image:height\" content=\"1080\" \/>\n\t<meta property=\"og:image:type\" content=\"image\/jpeg\" \/>\n<meta name=\"twitter:card\" content=\"summary_large_image\" \/>\n<meta name=\"twitter:label1\" content=\"Est. tempo de leitura\" \/>\n\t<meta name=\"twitter:data1\" content=\"1 minuto\" \/>\n<script type=\"application\/ld+json\" class=\"yoast-schema-graph\">{\"@context\":\"https:\/\/schema.org\",\"@graph\":[{\"@type\":\"WebSite\",\"@id\":\"https:\/\/franciscanos.org.br\/conventosantoantonio\/#website\",\"url\":\"https:\/\/franciscanos.org.br\/conventosantoantonio\/\",\"name\":\"Convento Santo Ant\u00f4nio- Franciscanos\",\"description\":\"Prov\u00edncia Franciscana da Imaculada Concei\u00e7\u00e3o do Brasil - Ordem dos Frades Menores\",\"potentialAction\":[{\"@type\":\"SearchAction\",\"target\":{\"@type\":\"EntryPoint\",\"urlTemplate\":\"https:\/\/franciscanos.org.br\/conventosantoantonio\/?s={search_term_string}\"},\"query-input\":\"required name=search_term_string\"}],\"inLanguage\":\"pt-BR\"},{\"@type\":\"WebPage\",\"@id\":\"https:\/\/franciscanos.org.br\/conventosantoantonio\/vocacional\/\",\"url\":\"https:\/\/franciscanos.org.br\/conventosantoantonio\/vocacional\/\",\"name\":\"Vocacional - Convento Santo Ant\u00f4nio- Franciscanos\",\"isPartOf\":{\"@id\":\"https:\/\/franciscanos.org.br\/conventosantoantonio\/#website\"},\"datePublished\":\"2022-07-18T14:15:18+00:00\",\"dateModified\":\"2022-07-18T14:15:18+00:00\",\"breadcrumb\":{\"@id\":\"https:\/\/franciscanos.org.br\/conventosantoantonio\/vocacional\/#breadcrumb\"},\"inLanguage\":\"pt-BR\",\"potentialAction\":[{\"@type\":\"ReadAction\",\"target\":[\"https:\/\/franciscanos.org.br\/conventosantoantonio\/vocacional\/\"]}]},{\"@type\":\"BreadcrumbList\",\"@id\":\"https:\/\/franciscanos.org.br\/conventosantoantonio\/vocacional\/#breadcrumb\",\"itemListElement\":[{\"@type\":\"ListItem\",\"position\":1,\"name\":\"Home\",\"item\":\"https:\/\/franciscanos.org.br\/conventosantoantonio\/\"},{\"@type\":\"ListItem\",\"position\":2,\"name\":\"Vocacional\"}]}]}<\/script>\n<!-- \/ Yoast SEO plugin. -->","yoast_head_json":{"title":"Vocacional - Convento Santo Ant\u00f4nio- Franciscanos","robots":{"index":"index","follow":"follow","max-snippet":"max-snippet:-1","max-image-preview":"max-image-preview:large","max-video-preview":"max-video-preview:-1"},"canonical":"https:\/\/franciscanos.org.br\/conventosantoantonio\/vocacional\/","og_locale":"pt_BR","og_type":"article","og_title":"Vocacional - Convento Santo Ant\u00f4nio- Franciscanos","og_description":"Como buscar orienta\u00e7\u00e3o no Convento A miss\u00e3o do Servi\u00e7o de Anima\u00e7\u00e3o Vocacional \u2013 SAV \u2013 \u00e9 \u201ccoordenar e animar o trabalho vocacional nas diferentes frentes da Fraternidade Provincial\u201d. Entre os seus objetivos, est\u00e3o: despertar voca\u00e7\u00f5es para o servi\u00e7o do Evangelho; apresentar aos jovens o carisma franciscano. Os candidatos que desejarem conhecer a Ordem dos Frades [&hellip;]","og_url":"https:\/\/franciscanos.org.br\/conventosantoantonio\/vocacional\/","og_site_name":"Convento Santo Ant\u00f4nio- Franciscanos","og_image":[{"width":863,"height":1080,"url":"https:\/\/franciscanos.org.br\/conventosantoantonio\/wp-content\/uploads\/2022\/07\/vocacional_franciscanos-scaled.jpg","type":"image\/jpeg"}],"twitter_card":"summary_large_image","twitter_misc":{"Est. tempo de leitura":"1 minuto"},"schema":{"@context":"https:\/\/schema.org","@graph":[{"@type":"WebSite","@id":"https:\/\/franciscanos.org.br\/conventosantoantonio\/#website","url":"https:\/\/franciscanos.org.br\/conventosantoantonio\/","name":"Convento Santo Ant\u00f4nio- Franciscanos","description":"Prov\u00edncia Franciscana da Imaculada Concei\u00e7\u00e3o do Brasil - Ordem dos Frades Menores","potentialAction":[{"@type":"SearchAction","target":{"@type":"EntryPoint","urlTemplate":"https:\/\/franciscanos.org.br\/conventosantoantonio\/?s={search_term_string}"},"query-input":"required name=search_term_string"}],"inLanguage":"pt-BR"},{"@type":"WebPage","@id":"https:\/\/franciscanos.org.br\/conventosantoantonio\/vocacional\/","url":"https:\/\/franciscanos.org.br\/conventosantoantonio\/vocacional\/","name":"Vocacional - Convento Santo Ant\u00f4nio- Franciscanos","isPartOf":{"@id":"https:\/\/franciscanos.org.br\/conventosantoantonio\/#website"},"datePublished":"2022-07-18T14:15:18+00:00","dateModified":"2022-07-18T14:15:18+00:00","breadcrumb":{"@id":"https:\/\/franciscanos.org.br\/conventosantoantonio\/vocacional\/#breadcrumb"},"inLanguage":"pt-BR","potentialAction":[{"@type":"ReadAction","target":["https:\/\/franciscanos.org.br\/conventosantoantonio\/vocacional\/"]}]},{"@type":"BreadcrumbList","@id":"https:\/\/franciscanos.org.br\/conventosantoantonio\/vocacional\/#breadcrumb","itemListElement":[{"@type":"ListItem","position":1,"name":"Home","item":"https:\/\/franciscanos.org.br\/conventosantoantonio\/"},{"@type":"ListItem","position":2,"name":"Vocacional"}]}]}},"_links":{"self":[{"href":"https:\/\/franciscanos.org.br\/conventosantoantonio\/wp-json\/wp\/v2\/pages\/188274"}],"collection":[{"href":"https:\/\/franciscanos.org.br\/conventosantoantonio\/wp-json\/wp\/v2\/pages"}],"about":[{"href":"https:\/\/franciscanos.org.br\/conventosantoantonio\/wp-json\/wp\/v2\/types\/page"}],"author":[{"embeddable":true,"href":"https:\/\/franciscanos.org.br\/conventosantoantonio\/wp-json\/wp\/v2\/users\/3"}],"replies":[{"embeddable":true,"href":"https:\/\/franciscanos.org.br\/conventosantoantonio\/wp-json\/wp\/v2\/comments?post=188274"}],"version-history":[{"count":1,"href":"https:\/\/franciscanos.org.br\/conventosantoantonio\/wp-json\/wp\/v2\/pages\/188274\/revisions"}],"predecessor-version":[{"id":188275,"href":"https:\/\/franciscanos.org.br\/conventosantoantonio\/wp-json\/wp\/v2\/pages\/188274\/revisions\/188275"}],"wp:featuredmedia":[{"embeddable":true,"href":"https:\/\/franciscanos.org.br\/conventosantoantonio\/wp-json\/wp\/v2\/media\/188263"}],"wp:attachment":[{"href":"https:\/\/franciscanos.org.br\/conventosantoantonio\/wp-json\/wp\/v2\/media?parent=188274"}],"curies":[{"name":"wp","href":"https:\/\/api.w.org\/{rel}","templated":true}]}}