{"id":187990,"date":"2021-09-27T13:43:50","date_gmt":"2021-09-27T16:43:50","guid":{"rendered":"https:\/\/franciscanos.org.br\/conventosantoantonio\/?page_id=187990"},"modified":"2022-04-16T10:12:00","modified_gmt":"2022-04-16T13:12:00","slug":"seja-um-benfeitor-do-convento-santo-antonio","status":"publish","type":"page","link":"https:\/\/franciscanos.org.br\/conventosantoantonio\/seja-um-benfeitor-do-convento-santo-antonio\/","title":{"rendered":"Seja um Benfeitor do Convento Santo Ant\u00f4nio"},"content":{"rendered":"<h3><img loading=\"lazy\" class=\"aligncenter wp-image-188156 size-full\" src=\"https:\/\/franciscanos.org.br\/conventosantoantonio\/wp-content\/uploads\/2022\/04\/Seja-benfeitor-do-Convento-Santo-Ant\u00f4nio-1.jpg\" alt=\"\" width=\"1920\" height=\"728\" srcset=\"https:\/\/franciscanos.org.br\/conventosantoantonio\/wp-content\/uploads\/2022\/04\/Seja-benfeitor-do-Convento-Santo-Ant\u00f4nio-1.jpg 1920w, https:\/\/franciscanos.org.br\/conventosantoantonio\/wp-content\/uploads\/2022\/04\/Seja-benfeitor-do-Convento-Santo-Ant\u00f4nio-1-450x171.jpg 450w, https:\/\/franciscanos.org.br\/conventosantoantonio\/wp-content\/uploads\/2022\/04\/Seja-benfeitor-do-Convento-Santo-Ant\u00f4nio-1-1024x388.jpg 1024w, https:\/\/franciscanos.org.br\/conventosantoantonio\/wp-content\/uploads\/2022\/04\/Seja-benfeitor-do-Convento-Santo-Ant\u00f4nio-1-768x291.jpg 768w, https:\/\/franciscanos.org.br\/conventosantoantonio\/wp-content\/uploads\/2022\/04\/Seja-benfeitor-do-Convento-Santo-Ant\u00f4nio-1-1536x582.jpg 1536w, https:\/\/franciscanos.org.br\/conventosantoantonio\/wp-content\/uploads\/2022\/04\/Seja-benfeitor-do-Convento-Santo-Ant\u00f4nio-1-150x57.jpg 150w\" sizes=\"(max-width: 1920px) 100vw, 1920px\" \/><\/h3>\r\n<h3>O Convento Santo Ant\u00f4nio \u00e9 uma Institui\u00e7\u00e3o da Igreja Cat\u00f3lica, moradia dos Frades Franciscanos, sem fins lucrativos e que tem como miss\u00e3o anunciar o Evangelho, promover a paz, o bem, a solidariedade, viver a espiritualidade franciscana e promover a cultura.<\/h3>\r\n<p>&nbsp;<\/p>\r\n<h3>Seja um BENFEITOR e ajude-nos a continuar com o nosso trabalho espiritual, social e na preserva\u00e7\u00e3o do patrim\u00f4nio religioso, hist\u00f3rico e cultural. As contribui\u00e7\u00f5es s\u00e3o espont\u00e2neas, voc\u00ea que escolhe quando e quanto quer contribuir.\u00a0O cadastro em nenhum momento obrigada o benfeitor a fazer doa\u00e7\u00f5es. O cadastro serve para conhecer melhor nossos benfeitores e assim possibilitando o enviou, sem custo, de informativos, um bloco para controle das doa\u00e7\u00f5es sem data nem valor m\u00ednimo.<\/h3>\r\n<p>&nbsp;<\/p>\r\n<h3>O benfeitor pode fazer contribui\u00e7\u00e3o pelo banco ou na pr\u00f3pria portaria do Convento, sendo este recibo apenas para nosso controle e do benfeitor. Mensalmente rezaremos missa nas inten\u00e7\u00f5es dos BENFEITORES.\u00a0Todos os projetos realizados com a ajuda e colabora\u00e7\u00e3o de nossos benfeitores ser\u00e3o devidamente informados como uma das formas de transpar\u00eancia e agradecimento as contribui\u00e7\u00f5es feitas por todos os colaboradores que tornaram poss\u00edvel a execu\u00e7\u00e3o do projeto.\u00a0S\u00e3o mais de 410 anos de servi\u00e7os dedicados \u00e0 f\u00e9, a religiosidade, a cultura, a hist\u00f3ria e a promo\u00e7\u00e3o social. Os Frades Franciscanos do Convento Santo Ant\u00f4nio agradecem a sua ajuda e colabora\u00e7\u00e3o.<\/h3>\r\n<p>&nbsp;<\/p>\r\n<h2 style=\"text-align: center;\"><strong>FICHA DE CADASTRO<\/strong><\/h2>\r\n\n<div class=\"wpcf7 no-js\" id=\"wpcf7-f3394-o1\" lang=\"pt-BR\" dir=\"ltr\">\n<div class=\"screen-reader-response\"><p role=\"status\" aria-live=\"polite\" aria-atomic=\"true\"><\/p> <ul><\/ul><\/div>\n<form action=\"\/conventosantoantonio\/wp-json\/wp\/v2\/pages\/187990#wpcf7-f3394-o1\" method=\"post\" class=\"wpcf7-form init\" aria-label=\"Formul\u00e1rios de contato\" novalidate=\"novalidate\" data-status=\"init\">\n<div style=\"display: none;\">\n<input type=\"hidden\" name=\"_wpcf7\" value=\"3394\" \/>\n<input type=\"hidden\" name=\"_wpcf7_version\" value=\"5.7.7\" \/>\n<input type=\"hidden\" name=\"_wpcf7_locale\" value=\"pt_BR\" \/>\n<input type=\"hidden\" name=\"_wpcf7_unit_tag\" value=\"wpcf7-f3394-o1\" \/>\n<input type=\"hidden\" name=\"_wpcf7_container_post\" value=\"0\" \/>\n<input type=\"hidden\" name=\"_wpcf7_posted_data_hash\" value=\"\" \/>\n<\/div>\n<div style=\"max-width='400px;'\">\n\t<p><span class=\"wpcf7-form-control-wrap\" data-name=\"nome_completo\"><input size=\"40\" class=\"wpcf7-form-control wpcf7-text wpcf7-validates-as-required\" aria-required=\"true\" aria-invalid=\"false\" placeholder=\"Digite seu nome completo\" value=\"\" type=\"text\" name=\"nome_completo\" \/><\/span>\n\t<\/p>\n\t<p><span class=\"wpcf7-form-control-wrap\" data-name=\"endereco_completo\"><input size=\"40\" class=\"wpcf7-form-control wpcf7-text wpcf7-validates-as-required\" aria-required=\"true\" aria-invalid=\"false\" placeholder=\"Digite seu endere\u00e7o\" value=\"\" type=\"text\" name=\"endereco_completo\" \/><\/span>\n\t<\/p>\n\t<p><span class=\"wpcf7-form-control-wrap\" data-name=\"numero_endereo\"><input size=\"40\" class=\"wpcf7-form-control wpcf7-text wpcf7-validates-as-required\" aria-required=\"true\" aria-invalid=\"false\" placeholder=\"N\u00famero do endere\u00e7o\" value=\"\" type=\"text\" name=\"numero_endereo\" \/><\/span>\n\t<\/p>\n\t<p><span class=\"wpcf7-form-control-wrap\" data-name=\"complemento_casa\"><input size=\"40\" class=\"wpcf7-form-control wpcf7-text\" aria-invalid=\"false\" placeholder=\"Digite n\u00famero do apt:,bloco, casa etc\" value=\"\" type=\"text\" name=\"complemento_casa\" \/><\/span>\n\t<\/p>\n\t<p><span class=\"wpcf7-form-control-wrap\" data-name=\"bairro_endereco\"><input size=\"40\" class=\"wpcf7-form-control wpcf7-text\" aria-invalid=\"false\" placeholder=\"Digite seu Bairro\" value=\"\" type=\"text\" name=\"bairro_endereco\" \/><\/span>\n\t<\/p>\n\t<p><span class=\"wpcf7-form-control-wrap\" data-name=\"cidade_endereco\"><input size=\"40\" class=\"wpcf7-form-control wpcf7-text\" aria-invalid=\"false\" placeholder=\"Digite sua Cidade\" value=\"\" type=\"text\" name=\"cidade_endereco\" \/><\/span>\n\t<\/p>\n\t<p><span class=\"wpcf7-form-control-wrap\" data-name=\"estado_moradia\"><select class=\"wpcf7-form-control wpcf7-select wpcf7-validates-as-required\" aria-required=\"true\" aria-invalid=\"false\" name=\"estado_moradia\"><option value=\"\">&#8212;Escolha uma op\u00e7\u00e3o&#8212;<\/option><option value=\"AC\">AC<\/option><option value=\"AL\">AL<\/option><option value=\"AM\">AM<\/option><option value=\"AP\">AP<\/option><option value=\"BA\">BA<\/option><option value=\"CE\">CE<\/option><option value=\"ES\">ES<\/option><option value=\"GO\">GO<\/option><option value=\"MA\">MA<\/option><option value=\"MG\">MG<\/option><option value=\"MS\">MS<\/option><option value=\"MT\">MT<\/option><option value=\"PA\">PA<\/option><option value=\"PB\">PB<\/option><option value=\"PE\">PE<\/option><option value=\"PI\">PI<\/option><option value=\"PR\">PR<\/option><option value=\"RJ\">RJ<\/option><option value=\"RN\">RN<\/option><option value=\"RO\">RO<\/option><option value=\"RR\">RR<\/option><option value=\"RS\">RS<\/option><option value=\"SC\">SC<\/option><option value=\"SE\">SE<\/option><option value=\"SP\">SP<\/option><option value=\"TO\">TO<\/option><\/select><\/span>\n\t<\/p>\n\t<p><span class=\"wpcf7-form-control-wrap\" data-name=\"cep_residencia\"><input size=\"40\" class=\"wpcf7-form-control wpcf7-text wpcf7-validates-as-required\" aria-required=\"true\" aria-invalid=\"false\" placeholder=\"Digite o CEP\" value=\"\" type=\"text\" name=\"cep_residencia\" \/><\/span>\n\t<\/p>\n\t<p><span class=\"wpcf7-form-control-wrap\" data-name=\"telefone_celular\"><input size=\"40\" class=\"wpcf7-form-control wpcf7-text\" aria-invalid=\"false\" placeholder=\"Digite o n\u00famero do Celular\" value=\"\" type=\"text\" name=\"telefone_celular\" \/><\/span>\n\t<\/p>\n\t<p><span class=\"wpcf7-form-control-wrap\" data-name=\"telefone_fixo\"><input size=\"40\" class=\"wpcf7-form-control wpcf7-text\" aria-invalid=\"false\" placeholder=\"Digite o n\u00famero do Fixo\" value=\"\" type=\"text\" name=\"telefone_fixo\" \/><\/span>\n\t<\/p>\n\t<p><span class=\"wpcf7-form-control-wrap\" data-name=\"email_site\"><input size=\"40\" class=\"wpcf7-form-control wpcf7-text wpcf7-email wpcf7-validates-as-email\" aria-invalid=\"false\" placeholder=\"Digite seu email\" value=\"\" type=\"email\" name=\"email_site\" \/><\/span>\n\t<\/p>\n\t<p><span class=\"wpcf7-form-control-wrap\" data-name=\"data_nascimento\"><input class=\"wpcf7-form-control wpcf7-date wpcf7-validates-as-date\" min=\"1900-01-01\" max=\"2018-01-01\" aria-invalid=\"false\" placeholder=\"Digite a data de Nascimento\" value=\"\" type=\"date\" name=\"data_nascimento\" \/><\/span>\n\t<\/p>\n\t<p><span class=\"wpcf7-form-control-wrap\" data-name=\"opcao_benfeitor\"><select class=\"wpcf7-form-control wpcf7-select wpcf7-validates-as-required\" aria-required=\"true\" aria-invalid=\"false\" name=\"opcao_benfeitor\"><option value=\"\">&#8212;Escolha uma op\u00e7\u00e3o&#8212;<\/option><option value=\"Transfer\u00eancia Banc\u00e1ria\">Transfer\u00eancia Banc\u00e1ria<\/option><option value=\"Recibo de Doa\u00e7\u00e3o\">Recibo de Doa\u00e7\u00e3o<\/option><option value=\"Ainda n\u00e3o decidi\">Ainda n\u00e3o decidi<\/option><\/select><\/span>\n\t<\/p>\n\t<p><input class=\"wpcf7-form-control has-spinner wpcf7-submit btn btn-clean t-transform-u\" type=\"submit\" value=\"Enviar Cadastro\" \/>\n\t<\/p>\n<\/div><div class=\"wpcf7-response-output\" aria-hidden=\"true\"><\/div>\n<\/form>\n<\/div>\n\r\n\r\n<p>&nbsp;<\/p>\r\n","protected":false},"excerpt":{"rendered":"<p>O Convento Santo Ant\u00f4nio \u00e9 uma Institui\u00e7\u00e3o da Igreja Cat\u00f3lica, moradia dos Frades Franciscanos, sem fins lucrativos e que tem como miss\u00e3o anunciar o Evangelho, promover a paz, o bem, a solidariedade, viver a espiritualidade franciscana e promover a cultura. &nbsp; Seja um BENFEITOR e ajude-nos a continuar com o nosso trabalho espiritual, social e [&hellip;]<\/p>\n","protected":false},"author":2,"featured_media":0,"parent":0,"menu_order":0,"comment_status":"closed","ping_status":"closed","template":"","meta":[],"yoast_head":"<!-- This site is optimized with the Yoast SEO plugin v19.4 - https:\/\/yoast.com\/wordpress\/plugins\/seo\/ -->\n<title>Seja um Benfeitor do Convento Santo Ant\u00f4nio - Convento Santo Ant\u00f4nio- Franciscanos<\/title>\n<meta name=\"robots\" content=\"index, follow, max-snippet:-1, max-image-preview:large, max-video-preview:-1\" \/>\n<link rel=\"canonical\" href=\"https:\/\/franciscanos.org.br\/conventosantoantonio\/seja-um-benfeitor-do-convento-santo-antonio\/\" \/>\n<meta property=\"og:locale\" content=\"pt_BR\" \/>\n<meta property=\"og:type\" content=\"article\" \/>\n<meta property=\"og:title\" content=\"Seja um Benfeitor do Convento Santo Ant\u00f4nio - Convento Santo Ant\u00f4nio- Franciscanos\" \/>\n<meta property=\"og:description\" content=\"O Convento Santo Ant\u00f4nio \u00e9 uma Institui\u00e7\u00e3o da Igreja Cat\u00f3lica, moradia dos Frades Franciscanos, sem fins lucrativos e que tem como miss\u00e3o anunciar o Evangelho, promover a paz, o bem, a solidariedade, viver a espiritualidade franciscana e promover a cultura. &nbsp; Seja um BENFEITOR e ajude-nos a continuar com o nosso trabalho espiritual, social e [&hellip;]\" \/>\n<meta property=\"og:url\" content=\"https:\/\/franciscanos.org.br\/conventosantoantonio\/seja-um-benfeitor-do-convento-santo-antonio\/\" \/>\n<meta property=\"og:site_name\" content=\"Convento Santo Ant\u00f4nio- Franciscanos\" \/>\n<meta property=\"article:modified_time\" content=\"2022-04-16T13:12:00+00:00\" \/>\n<meta name=\"twitter:card\" content=\"summary_large_image\" \/>\n<meta name=\"twitter:label1\" content=\"Est. tempo de leitura\" \/>\n\t<meta name=\"twitter:data1\" content=\"1 minuto\" \/>\n<script type=\"application\/ld+json\" class=\"yoast-schema-graph\">{\"@context\":\"https:\/\/schema.org\",\"@graph\":[{\"@type\":\"WebSite\",\"@id\":\"https:\/\/franciscanos.org.br\/conventosantoantonio\/#website\",\"url\":\"https:\/\/franciscanos.org.br\/conventosantoantonio\/\",\"name\":\"Convento Santo Ant\u00f4nio- Franciscanos\",\"description\":\"Prov\u00edncia Franciscana da Imaculada Concei\u00e7\u00e3o do Brasil - Ordem dos Frades Menores\",\"potentialAction\":[{\"@type\":\"SearchAction\",\"target\":{\"@type\":\"EntryPoint\",\"urlTemplate\":\"https:\/\/franciscanos.org.br\/conventosantoantonio\/?s={search_term_string}\"},\"query-input\":\"required name=search_term_string\"}],\"inLanguage\":\"pt-BR\"},{\"@type\":\"WebPage\",\"@id\":\"https:\/\/franciscanos.org.br\/conventosantoantonio\/seja-um-benfeitor-do-convento-santo-antonio\/\",\"url\":\"https:\/\/franciscanos.org.br\/conventosantoantonio\/seja-um-benfeitor-do-convento-santo-antonio\/\",\"name\":\"Seja um Benfeitor do Convento Santo Ant\u00f4nio - Convento Santo Ant\u00f4nio- Franciscanos\",\"isPartOf\":{\"@id\":\"https:\/\/franciscanos.org.br\/conventosantoantonio\/#website\"},\"datePublished\":\"2021-09-27T16:43:50+00:00\",\"dateModified\":\"2022-04-16T13:12:00+00:00\",\"breadcrumb\":{\"@id\":\"https:\/\/franciscanos.org.br\/conventosantoantonio\/seja-um-benfeitor-do-convento-santo-antonio\/#breadcrumb\"},\"inLanguage\":\"pt-BR\",\"potentialAction\":[{\"@type\":\"ReadAction\",\"target\":[\"https:\/\/franciscanos.org.br\/conventosantoantonio\/seja-um-benfeitor-do-convento-santo-antonio\/\"]}]},{\"@type\":\"BreadcrumbList\",\"@id\":\"https:\/\/franciscanos.org.br\/conventosantoantonio\/seja-um-benfeitor-do-convento-santo-antonio\/#breadcrumb\",\"itemListElement\":[{\"@type\":\"ListItem\",\"position\":1,\"name\":\"Home\",\"item\":\"https:\/\/franciscanos.org.br\/conventosantoantonio\/\"},{\"@type\":\"ListItem\",\"position\":2,\"name\":\"Seja um Benfeitor do Convento Santo Ant\u00f4nio\"}]}]}<\/script>\n<!-- \/ Yoast SEO plugin. -->","yoast_head_json":{"title":"Seja um Benfeitor do Convento Santo Ant\u00f4nio - Convento Santo Ant\u00f4nio- Franciscanos","robots":{"index":"index","follow":"follow","max-snippet":"max-snippet:-1","max-image-preview":"max-image-preview:large","max-video-preview":"max-video-preview:-1"},"canonical":"https:\/\/franciscanos.org.br\/conventosantoantonio\/seja-um-benfeitor-do-convento-santo-antonio\/","og_locale":"pt_BR","og_type":"article","og_title":"Seja um Benfeitor do Convento Santo Ant\u00f4nio - Convento Santo Ant\u00f4nio- Franciscanos","og_description":"O Convento Santo Ant\u00f4nio \u00e9 uma Institui\u00e7\u00e3o da Igreja Cat\u00f3lica, moradia dos Frades Franciscanos, sem fins lucrativos e que tem como miss\u00e3o anunciar o Evangelho, promover a paz, o bem, a solidariedade, viver a espiritualidade franciscana e promover a cultura. &nbsp; Seja um BENFEITOR e ajude-nos a continuar com o nosso trabalho espiritual, social e [&hellip;]","og_url":"https:\/\/franciscanos.org.br\/conventosantoantonio\/seja-um-benfeitor-do-convento-santo-antonio\/","og_site_name":"Convento Santo Ant\u00f4nio- Franciscanos","article_modified_time":"2022-04-16T13:12:00+00:00","twitter_card":"summary_large_image","twitter_misc":{"Est. tempo de leitura":"1 minuto"},"schema":{"@context":"https:\/\/schema.org","@graph":[{"@type":"WebSite","@id":"https:\/\/franciscanos.org.br\/conventosantoantonio\/#website","url":"https:\/\/franciscanos.org.br\/conventosantoantonio\/","name":"Convento Santo Ant\u00f4nio- Franciscanos","description":"Prov\u00edncia Franciscana da Imaculada Concei\u00e7\u00e3o do Brasil - Ordem dos Frades Menores","potentialAction":[{"@type":"SearchAction","target":{"@type":"EntryPoint","urlTemplate":"https:\/\/franciscanos.org.br\/conventosantoantonio\/?s={search_term_string}"},"query-input":"required name=search_term_string"}],"inLanguage":"pt-BR"},{"@type":"WebPage","@id":"https:\/\/franciscanos.org.br\/conventosantoantonio\/seja-um-benfeitor-do-convento-santo-antonio\/","url":"https:\/\/franciscanos.org.br\/conventosantoantonio\/seja-um-benfeitor-do-convento-santo-antonio\/","name":"Seja um Benfeitor do Convento Santo Ant\u00f4nio - Convento Santo Ant\u00f4nio- Franciscanos","isPartOf":{"@id":"https:\/\/franciscanos.org.br\/conventosantoantonio\/#website"},"datePublished":"2021-09-27T16:43:50+00:00","dateModified":"2022-04-16T13:12:00+00:00","breadcrumb":{"@id":"https:\/\/franciscanos.org.br\/conventosantoantonio\/seja-um-benfeitor-do-convento-santo-antonio\/#breadcrumb"},"inLanguage":"pt-BR","potentialAction":[{"@type":"ReadAction","target":["https:\/\/franciscanos.org.br\/conventosantoantonio\/seja-um-benfeitor-do-convento-santo-antonio\/"]}]},{"@type":"BreadcrumbList","@id":"https:\/\/franciscanos.org.br\/conventosantoantonio\/seja-um-benfeitor-do-convento-santo-antonio\/#breadcrumb","itemListElement":[{"@type":"ListItem","position":1,"name":"Home","item":"https:\/\/franciscanos.org.br\/conventosantoantonio\/"},{"@type":"ListItem","position":2,"name":"Seja um Benfeitor do Convento Santo Ant\u00f4nio"}]}]}},"_links":{"self":[{"href":"https:\/\/franciscanos.org.br\/conventosantoantonio\/wp-json\/wp\/v2\/pages\/187990"}],"collection":[{"href":"https:\/\/franciscanos.org.br\/conventosantoantonio\/wp-json\/wp\/v2\/pages"}],"about":[{"href":"https:\/\/franciscanos.org.br\/conventosantoantonio\/wp-json\/wp\/v2\/types\/page"}],"author":[{"embeddable":true,"href":"https:\/\/franciscanos.org.br\/conventosantoantonio\/wp-json\/wp\/v2\/users\/2"}],"replies":[{"embeddable":true,"href":"https:\/\/franciscanos.org.br\/conventosantoantonio\/wp-json\/wp\/v2\/comments?post=187990"}],"version-history":[{"count":6,"href":"https:\/\/franciscanos.org.br\/conventosantoantonio\/wp-json\/wp\/v2\/pages\/187990\/revisions"}],"predecessor-version":[{"id":188161,"href":"https:\/\/franciscanos.org.br\/conventosantoantonio\/wp-json\/wp\/v2\/pages\/187990\/revisions\/188161"}],"wp:attachment":[{"href":"https:\/\/franciscanos.org.br\/conventosantoantonio\/wp-json\/wp\/v2\/media?parent=187990"}],"curies":[{"name":"wp","href":"https:\/\/api.w.org\/{rel}","templated":true}]}}