{"id":187900,"date":"2021-09-24T09:49:47","date_gmt":"2021-09-24T12:49:47","guid":{"rendered":"https:\/\/franciscanos.org.br\/conventosantoantonio\/?page_id=187900"},"modified":"2021-09-27T11:05:05","modified_gmt":"2021-09-27T14:05:05","slug":"frei-jose-mariano-da-conceicao-vellozo","status":"publish","type":"page","link":"https:\/\/franciscanos.org.br\/conventosantoantonio\/frei-jose-mariano-da-conceicao-vellozo\/","title":{"rendered":"Frei Jos\u00e9 Mariano da Concei\u00e7\u00e3o Vellozo"},"content":{"rendered":"<p>[vc_row][vc_column width=&#8221;1\/2&#8243;][vc_column_text]<strong>Pai da Bot\u00e2nica Brasileira (1741-1811)<\/strong><\/p>\n<p>Entre os naturalistas brasileiros que se empenharam no estudo de nossa flora, homenageamos Frei Jos\u00e9 Mariano da Concei\u00e7\u00e3o Vellozo, que ocupa um lugar de destaque pela sua obra monumental intitulada Flora Fluminensis, terminada em 1790.Frei Vellozo nasceu em 1741, na ent\u00e3o Prov\u00edncia de Minas Gerais, na freguesia de Santo Ant\u00f4nio da Vila de S\u00e3o Jos\u00e9, Bispado de Mariana.Bem jovem ainda sentiu-se atra\u00eddo ao estudo das ci\u00eancias naturais, principalmente uma forte predile\u00e7\u00e3o pela bot\u00e2nica.Mais do que qualquer outro tipo de leitura gostava Frei Vellozo do livro da natureza, fazendo muitas vezes, com seus companheiros, excurs\u00f5es bot\u00e2nicas, entranhando-se nos bosques a procura de flores, a fim de pesquisar-lhes os nomes e notar-lhes as diferen\u00e7as morfol\u00f3gicas. Apesar de nunca ter tido mestre, conseguiu em pouco tempo aprender muito sobre as principais plantas do lugar em que nasceu.Em 1761, aos 20 anos de idade, sentindo voca\u00e7\u00e3o religiosa, entrou para a Ordem Franciscana, e fez seus estudos de filosofia e teologia no Convento Santo Ant\u00f4nio do Rio de Janeiro.Foi professor de geometria, ret\u00f3rica e hist\u00f3ria natural.<\/p>\n<p>Das ci\u00eancias que lecionou, nenhuma lhe agradava tanto como a hist\u00f3ria natural, sendo nomeado professor em janeiro de 1786.Naturalista por voca\u00e7\u00e3o, transformou sua cela num gabinete de estudos.No ano de 1779 veio governar o Brasil, na qualidade de vice-rei, um portugu\u00eas distinto, chamado Luiz de Vasconcellos e Souza. Tendo not\u00edcias da predile\u00e7\u00e3o e do raro talento de Frei Vellozo pelas ci\u00eancias naturais, principalmente pela bot\u00e2nica, pediu ao ent\u00e3o provincial Frei Jos\u00e9 dos Anjos Passos para que Frei Vellozo fizesse excurs\u00f5es em toda a Capitania do Rio de Janeiro e reunisse o resultado de suas pesquisas numa obra conjunta.<\/p>\n<p>Surge ent\u00e3o a fase mais importante da vida do ilustre frade naturalista.<\/p>\n<p>Durante 8 anos consecutivos vemos o incans\u00e1vel pesquisador subir as serras mais altas, descer aos mais profundos vales, e emaranhar-se nos vastos e inextric\u00e1veis bosques. Percorreu as matas e praias do Rio de Janeiro em todas as dire\u00e7\u00f5es, subiu a serra de Paranapiacaba e Parati, visitou as quinze ilhas do Rio Para\u00edba do Sul, conseguiu levar a cabo suas investiga\u00e7\u00f5es, reunindo o fruto de suas pesquisas num trabalho magn\u00edfico de imenso valor cient\u00edfico, por ele intitulado Flora Fluminensis.Nas suas excurs\u00f5es cient\u00edficas, Frei Vellozo era acompanhado por seu secret\u00e1rio-escrevente Frei Anast\u00e1cio de Santa Inez, e por Frei Francisco Solano, h\u00e1bil pintor e desenhista.<\/p>\n<p>A obra gigantesca, trazendo as descri\u00e7\u00f5es e figuras de 1.640 vegetais brasileiros, incluindo tamb\u00e9m in\u00fameras indica\u00e7\u00f5es ecol\u00f3gicas, representa um esfor\u00e7o not\u00e1vel para aquela \u00e9poca, pois foi terminada em 1790. Infelizmente s\u00f3 35 anos mais tarde, ou 14 anos ap\u00f3s a morte de Frei Vellozo, \u00e9 que se deu in\u00edcio \u00e0 sua publica\u00e7\u00e3o, isto \u00e9, depois de viagens e publica\u00e7\u00f5es de outros estudiosos, que continham muitos g\u00eaneros e esp\u00e9cies de plantas descobertas por Frei Vellozo.Consta a obra de Frei Vellozo de onze volumes em f\u00f3lio, com suas estampas originais executadas a tinta, juntamente com dois volumes manuscritos do texto.Depois de terminada a obra, seu autor foi apresent\u00e1-la \u00e0 Corte de Lisboa. A obra provocou a admira\u00e7\u00e3o de todos.<\/p>\n<p>Em 1809, Frei Vellozo retorna ao Brasil, trazendo consigo os originais dos manuscritos e das estampas da Flora Fluminense. A partida de Lisboa foi motivada pela marcha progressiva do ex\u00e9rcito franc\u00eas, na Pen\u00ednsula Ib\u00e9rica. Dom Jo\u00e3o VI veio refugiar-se na Terra de Santa Cruz, e Frei Vellozo seguiu os passos do seu benfeitor, recolhendo-se no Convento de Santo Ant\u00f4nio do Rio de Janeiro, onde veio a falecer a 13 de junho de 1811, sem ter tido a satisfa\u00e7\u00e3o de ver publicada a sua grande obra.[\/vc_column_text][\/vc_column][vc_column width=&#8221;1\/2&#8243;][vc_column_text]Todos os manuscritos e impressos pertencentes ao esp\u00f3lio de Frei Vellozo foram oferecidos ao Pr\u00edncipe Regente pelo ent\u00e3o Vig\u00e1rio Provincial dos Franciscanos do Rio de Janeiro. A oferta foi aceita, segundo consta no volume III do \u201cTombo Geral da Prov\u00edncia\u201d (manuscrito), \u00e0 p\u00e1gina 208.<br \/>\nOs livros e manuscritos de Frei Vellozo deram entrada na Real Biblioteca em 13 de novembro de 1811. Entre eles se achavam todos os originais da Flora Fluminense.<\/p>\n<p>Muito tempo se passou e nada mais se soube da importante obra de Frei Vellozo. Os manuscritos da Flora Fluminense, que por muitos anos se julgavam perdidos, foram descobertos em 1825 na Biblioteca Imperial pelo ent\u00e3o bibliotec\u00e1rio Frei Ant\u00f4nio de Arrabida.<\/p>\n<p>Em carta solene enviada a Dom Pedro I, Frei Ant\u00f4nio de Arrabida descreve a emo\u00e7\u00e3o que sentiu ao encontrar os manuscritos da Flora Fluminense e solicita ao Imperador a publica\u00e7\u00e3o do texto aqui no Brasil, oferecendo-se para as devidas corre\u00e7\u00f5es de impress\u00e3o. Foram enviados a Paris os desenhos para serem ali litograficamente estampados, pois n\u00e3o havia ainda no Brasil t\u00e9cnicas adequadas a esse tipo de trabalho.<\/p>\n<p>Reconhecendo a import\u00e2ncia da publica\u00e7\u00e3o da obra de Frei Vellozo, o Imperador, ap\u00f3s uma semana do recebimento da carta de Frei Ant\u00f4nio de Arrabida, autorizou a imediata publica\u00e7\u00e3o.<\/p>\n<p>Em 1825, efetuou-se na Tipografia Nacional do Rio de Janeiro a impress\u00e3o quase total da Flora Fluminense. O volume, que hoje \u00e9 uma raridade bibliogr\u00e1fica, abrange 352 p\u00e1ginas e versa sobre 309 g\u00eaneros.<\/p>\n<p>A impress\u00e3o das 1.640 estampas, come\u00e7ada em 1827 em Paris, levou quatro anos e quatro meses para ser terminada.<\/p>\n<p>Quando os \u00faltimos fasc\u00edculos j\u00e1 estavam em fase de impress\u00e3o, ocorreu a expuls\u00e3o de Dom Pedro I, em 1831. O novo governo deu ordem para suspender a impress\u00e3o, recusando-se a pagar o resto da encomenda. N\u00e3o obstante, a impress\u00e3o foi terminada, e no processo judicial subseq\u00fcente o tribunal franc\u00eas deu ganho de causa ao impressor.<\/p>\n<p>No livro Fitografia ou Bot\u00e2nica Brasileira de Melo Morais (1881), consta um cap\u00edtulo sobre a Hist\u00f3ria da Flora Fluminense, que se refere ao triste destino que tiveram os exemplares dos 11 volumes das estampas. Diz ele: \u201cAcabada a obra, consta-me que se mandaram para o Rio de Janeiro 500 exemplares; ficando em Paris 1.500, os quais, n\u00e3o sendo reclamados, foram entregues n\u00e3o sei a quem, e dos quais salvaram-se algumas cole\u00e7\u00f5es; e por fim, se reconhecendo que essas estampas n\u00e3o eram mais procuradas, foram vendidas ou dadas ao chapeleiro que fornecia barretinas (chap\u00e9u) para o ex\u00e9rcito franc\u00eas, o qual forrou com as estampas as barretinas que estava fazendo para os soldados do ex\u00e9rcito. Os 500 exemplares que vieram para o Rio de Janeiro foram parar no sagu\u00e3o da Secretaria de Estado dos Neg\u00f3cios da Justi\u00e7a (em frente ao passeio p\u00fablico), onde permaneceram apodrecendo, pela umidade; fazendo-se presente de alguns exemplares, a uma ou outra pessoa que pedia\u201d. E mais adiante diz o mesmo autor: \u201cNo dia 14 de janeiro de 1861, a Tipografia Nacional anunciou a venda em leil\u00e3o de 2.950 arrobas de impressos, indo entre eles alguns exemplares da Flora Fluminense\u201d. E termina dizendo: \u201c\u00c9 digno de reparo, e contrista o cora\u00e7\u00e3o dizer-se, que no Brasil se vende como papel velho, o produto da intelig\u00eancia e da arte, adquirido com tantas fadigas e trabalhos, com o qual o Estado gastou muito dinheiro, para com ele fazer-se papel de embrulho\u201d!<\/p>\n<p>Terminando, cumpre dizer que a Flora Fluminense, cuja hist\u00f3ria, em parte, foi uma verdadeira trag\u00e9dia, representa uma obra monumental, que n\u00e3o apenas suscita interesse hist\u00f3rico, mas tem tamb\u00e9m alto valor cient\u00edfico. Frei Vellozo foi um dos grandes pioneiros da bot\u00e2nica brasileira. Seu nome figura sempre com brilho ao lado dos maiores bot\u00e2nicos que o Brasil possui.<\/p>\n<p><em>Elisabete Barbero Bonfim<\/em>[\/vc_column_text][\/vc_column][\/vc_row]<\/p>\n","protected":false},"excerpt":{"rendered":"<p>[vc_row][vc_column width=&#8221;1\/2&#8243;][vc_column_text]Pai da Bot\u00e2nica Brasileira (1741-1811) Entre os naturalistas brasileiros que se empenharam no estudo de nossa flora, homenageamos Frei Jos\u00e9 Mariano da Concei\u00e7\u00e3o Vellozo, que ocupa um lugar de destaque pela sua obra monumental intitulada Flora Fluminensis, terminada em 1790.Frei Vellozo nasceu em 1741, na ent\u00e3o Prov\u00edncia de Minas Gerais, na freguesia de Santo [&hellip;]<\/p>\n","protected":false},"author":3,"featured_media":0,"parent":0,"menu_order":0,"comment_status":"closed","ping_status":"closed","template":"","meta":[],"yoast_head":"<!-- This site is optimized with the Yoast SEO plugin v19.4 - https:\/\/yoast.com\/wordpress\/plugins\/seo\/ -->\n<title>Frei Jos\u00e9 Mariano da Concei\u00e7\u00e3o Vellozo - Convento Santo Ant\u00f4nio- Franciscanos<\/title>\n<meta name=\"robots\" content=\"index, follow, max-snippet:-1, max-image-preview:large, max-video-preview:-1\" \/>\n<link rel=\"canonical\" href=\"https:\/\/franciscanos.org.br\/conventosantoantonio\/frei-jose-mariano-da-conceicao-vellozo\/\" \/>\n<meta property=\"og:locale\" content=\"pt_BR\" \/>\n<meta property=\"og:type\" content=\"article\" \/>\n<meta property=\"og:title\" content=\"Frei Jos\u00e9 Mariano da Concei\u00e7\u00e3o Vellozo - Convento Santo Ant\u00f4nio- Franciscanos\" \/>\n<meta property=\"og:description\" content=\"[vc_row][vc_column width=&#8221;1\/2&#8243;][vc_column_text]Pai da Bot\u00e2nica Brasileira (1741-1811) Entre os naturalistas brasileiros que se empenharam no estudo de nossa flora, homenageamos Frei Jos\u00e9 Mariano da Concei\u00e7\u00e3o Vellozo, que ocupa um lugar de destaque pela sua obra monumental intitulada Flora Fluminensis, terminada em 1790.Frei Vellozo nasceu em 1741, na ent\u00e3o Prov\u00edncia de Minas Gerais, na freguesia de Santo [&hellip;]\" \/>\n<meta property=\"og:url\" content=\"https:\/\/franciscanos.org.br\/conventosantoantonio\/frei-jose-mariano-da-conceicao-vellozo\/\" \/>\n<meta property=\"og:site_name\" content=\"Convento Santo Ant\u00f4nio- Franciscanos\" \/>\n<meta property=\"article:modified_time\" content=\"2021-09-27T14:05:05+00:00\" \/>\n<meta name=\"twitter:card\" content=\"summary_large_image\" \/>\n<meta name=\"twitter:label1\" content=\"Est. tempo de leitura\" \/>\n\t<meta name=\"twitter:data1\" content=\"7 minutos\" \/>\n<script type=\"application\/ld+json\" class=\"yoast-schema-graph\">{\"@context\":\"https:\/\/schema.org\",\"@graph\":[{\"@type\":\"WebSite\",\"@id\":\"https:\/\/franciscanos.org.br\/conventosantoantonio\/#website\",\"url\":\"https:\/\/franciscanos.org.br\/conventosantoantonio\/\",\"name\":\"Convento Santo Ant\u00f4nio- Franciscanos\",\"description\":\"Prov\u00edncia Franciscana da Imaculada Concei\u00e7\u00e3o do Brasil - Ordem dos Frades Menores\",\"potentialAction\":[{\"@type\":\"SearchAction\",\"target\":{\"@type\":\"EntryPoint\",\"urlTemplate\":\"https:\/\/franciscanos.org.br\/conventosantoantonio\/?s={search_term_string}\"},\"query-input\":\"required name=search_term_string\"}],\"inLanguage\":\"pt-BR\"},{\"@type\":\"WebPage\",\"@id\":\"https:\/\/franciscanos.org.br\/conventosantoantonio\/frei-jose-mariano-da-conceicao-vellozo\/\",\"url\":\"https:\/\/franciscanos.org.br\/conventosantoantonio\/frei-jose-mariano-da-conceicao-vellozo\/\",\"name\":\"Frei Jos\u00e9 Mariano da Concei\u00e7\u00e3o Vellozo - Convento Santo Ant\u00f4nio- Franciscanos\",\"isPartOf\":{\"@id\":\"https:\/\/franciscanos.org.br\/conventosantoantonio\/#website\"},\"datePublished\":\"2021-09-24T12:49:47+00:00\",\"dateModified\":\"2021-09-27T14:05:05+00:00\",\"breadcrumb\":{\"@id\":\"https:\/\/franciscanos.org.br\/conventosantoantonio\/frei-jose-mariano-da-conceicao-vellozo\/#breadcrumb\"},\"inLanguage\":\"pt-BR\",\"potentialAction\":[{\"@type\":\"ReadAction\",\"target\":[\"https:\/\/franciscanos.org.br\/conventosantoantonio\/frei-jose-mariano-da-conceicao-vellozo\/\"]}]},{\"@type\":\"BreadcrumbList\",\"@id\":\"https:\/\/franciscanos.org.br\/conventosantoantonio\/frei-jose-mariano-da-conceicao-vellozo\/#breadcrumb\",\"itemListElement\":[{\"@type\":\"ListItem\",\"position\":1,\"name\":\"Home\",\"item\":\"https:\/\/franciscanos.org.br\/conventosantoantonio\/\"},{\"@type\":\"ListItem\",\"position\":2,\"name\":\"Frei Jos\u00e9 Mariano da Concei\u00e7\u00e3o Vellozo\"}]}]}<\/script>\n<!-- \/ Yoast SEO plugin. -->","yoast_head_json":{"title":"Frei Jos\u00e9 Mariano da Concei\u00e7\u00e3o Vellozo - Convento Santo Ant\u00f4nio- Franciscanos","robots":{"index":"index","follow":"follow","max-snippet":"max-snippet:-1","max-image-preview":"max-image-preview:large","max-video-preview":"max-video-preview:-1"},"canonical":"https:\/\/franciscanos.org.br\/conventosantoantonio\/frei-jose-mariano-da-conceicao-vellozo\/","og_locale":"pt_BR","og_type":"article","og_title":"Frei Jos\u00e9 Mariano da Concei\u00e7\u00e3o Vellozo - Convento Santo Ant\u00f4nio- Franciscanos","og_description":"[vc_row][vc_column width=&#8221;1\/2&#8243;][vc_column_text]Pai da Bot\u00e2nica Brasileira (1741-1811) Entre os naturalistas brasileiros que se empenharam no estudo de nossa flora, homenageamos Frei Jos\u00e9 Mariano da Concei\u00e7\u00e3o Vellozo, que ocupa um lugar de destaque pela sua obra monumental intitulada Flora Fluminensis, terminada em 1790.Frei Vellozo nasceu em 1741, na ent\u00e3o Prov\u00edncia de Minas Gerais, na freguesia de Santo [&hellip;]","og_url":"https:\/\/franciscanos.org.br\/conventosantoantonio\/frei-jose-mariano-da-conceicao-vellozo\/","og_site_name":"Convento Santo Ant\u00f4nio- Franciscanos","article_modified_time":"2021-09-27T14:05:05+00:00","twitter_card":"summary_large_image","twitter_misc":{"Est. tempo de leitura":"7 minutos"},"schema":{"@context":"https:\/\/schema.org","@graph":[{"@type":"WebSite","@id":"https:\/\/franciscanos.org.br\/conventosantoantonio\/#website","url":"https:\/\/franciscanos.org.br\/conventosantoantonio\/","name":"Convento Santo Ant\u00f4nio- Franciscanos","description":"Prov\u00edncia Franciscana da Imaculada Concei\u00e7\u00e3o do Brasil - Ordem dos Frades Menores","potentialAction":[{"@type":"SearchAction","target":{"@type":"EntryPoint","urlTemplate":"https:\/\/franciscanos.org.br\/conventosantoantonio\/?s={search_term_string}"},"query-input":"required name=search_term_string"}],"inLanguage":"pt-BR"},{"@type":"WebPage","@id":"https:\/\/franciscanos.org.br\/conventosantoantonio\/frei-jose-mariano-da-conceicao-vellozo\/","url":"https:\/\/franciscanos.org.br\/conventosantoantonio\/frei-jose-mariano-da-conceicao-vellozo\/","name":"Frei Jos\u00e9 Mariano da Concei\u00e7\u00e3o Vellozo - Convento Santo Ant\u00f4nio- Franciscanos","isPartOf":{"@id":"https:\/\/franciscanos.org.br\/conventosantoantonio\/#website"},"datePublished":"2021-09-24T12:49:47+00:00","dateModified":"2021-09-27T14:05:05+00:00","breadcrumb":{"@id":"https:\/\/franciscanos.org.br\/conventosantoantonio\/frei-jose-mariano-da-conceicao-vellozo\/#breadcrumb"},"inLanguage":"pt-BR","potentialAction":[{"@type":"ReadAction","target":["https:\/\/franciscanos.org.br\/conventosantoantonio\/frei-jose-mariano-da-conceicao-vellozo\/"]}]},{"@type":"BreadcrumbList","@id":"https:\/\/franciscanos.org.br\/conventosantoantonio\/frei-jose-mariano-da-conceicao-vellozo\/#breadcrumb","itemListElement":[{"@type":"ListItem","position":1,"name":"Home","item":"https:\/\/franciscanos.org.br\/conventosantoantonio\/"},{"@type":"ListItem","position":2,"name":"Frei Jos\u00e9 Mariano da Concei\u00e7\u00e3o Vellozo"}]}]}},"_links":{"self":[{"href":"https:\/\/franciscanos.org.br\/conventosantoantonio\/wp-json\/wp\/v2\/pages\/187900"}],"collection":[{"href":"https:\/\/franciscanos.org.br\/conventosantoantonio\/wp-json\/wp\/v2\/pages"}],"about":[{"href":"https:\/\/franciscanos.org.br\/conventosantoantonio\/wp-json\/wp\/v2\/types\/page"}],"author":[{"embeddable":true,"href":"https:\/\/franciscanos.org.br\/conventosantoantonio\/wp-json\/wp\/v2\/users\/3"}],"replies":[{"embeddable":true,"href":"https:\/\/franciscanos.org.br\/conventosantoantonio\/wp-json\/wp\/v2\/comments?post=187900"}],"version-history":[{"count":8,"href":"https:\/\/franciscanos.org.br\/conventosantoantonio\/wp-json\/wp\/v2\/pages\/187900\/revisions"}],"predecessor-version":[{"id":187980,"href":"https:\/\/franciscanos.org.br\/conventosantoantonio\/wp-json\/wp\/v2\/pages\/187900\/revisions\/187980"}],"wp:attachment":[{"href":"https:\/\/franciscanos.org.br\/conventosantoantonio\/wp-json\/wp\/v2\/media?parent=187900"}],"curies":[{"name":"wp","href":"https:\/\/api.w.org\/{rel}","templated":true}]}}