{"id":13477,"date":"2018-10-25T09:54:42","date_gmt":"2018-10-25T12:54:42","guid":{"rendered":"http:\/\/franciscanos.org.br\/carisma\/?page_id=13477"},"modified":"2018-11-10T13:58:01","modified_gmt":"2018-11-10T15:58:01","slug":"simbolos-franciscanos","status":"publish","type":"page","link":"https:\/\/franciscanos.org.br\/carisma\/simbolos-franciscanos","title":{"rendered":"S\u00edmbolos franciscanos"},"content":{"rendered":"<p>[vc_section css=&#8221;.vc_custom_1541864804934{background-image: url(http:\/\/franciscanos.org.br\/carisma\/wp-content\/uploads\/2018\/11\/vector-vintage-style-grunge-background.jpg?id=175317) !important;background-position: center !important;background-repeat: no-repeat !important;background-size: cover !important;}&#8221;][vc_row][vc_column][vc_empty_space height=&#8221;50px&#8221;][vc_custom_heading text=&#8221;S\u00edmbolos franciscanos&#8221; font_container=&#8221;tag:h1|font_size:40px|text_align:center|color:%238c4600|line_height:40px&#8221; google_fonts=&#8221;font_family:Playfair%20Display%3Aregular%2Citalic%2C700%2C700italic%2C900%2C900italic|font_style:900%20bold%20regular%3A900%3Anormal&#8221;][vc_empty_space height=&#8221;70px&#8221;][\/vc_column][\/vc_row][\/vc_section][vc_section][vc_row][vc_column width=&#8221;1\/6&#8243;][\/vc_column][vc_column width=&#8221;2\/3&#8243;][vc_empty_space height=&#8221;50px&#8221;][vc_basic_grid post_type=&#8221;simbolos&#8221; max_items=&#8221;100&#8243; order=&#8221;ASC&#8221; item=&#8221;175389&#8243; initial_loading_animation=&#8221;none&#8221; grid_id=&#8221;vc_gid:1541865471120-91cb2b80-c21a-2&#8243;][vc_empty_space height=&#8221;50px&#8221;][\/vc_column][vc_column width=&#8221;1\/6&#8243;][\/vc_column][\/vc_row][\/vc_section]<\/p>\n","protected":false},"excerpt":{"rendered":"<p>[vc_section css=&#8221;.vc_custom_1541864804934{background-image: url(http:\/\/franciscanos.org.br\/carisma\/wp-content\/uploads\/2018\/11\/vector-vintage-style-grunge-background.jpg?id=175317) !important;background-position: center !important;background-repeat: no-repeat !important;background-size: cover !important;}&#8221;][vc_row][vc_column][vc_empty_space height=&#8221;50px&#8221;][vc_custom_heading text=&#8221;S\u00edmbolos franciscanos&#8221; font_container=&#8221;tag:h1|font_size:40px|text_align:center|color:%238c4600|line_height:40px&#8221; google_fonts=&#8221;font_family:Playfair%20Display%3Aregular%2Citalic%2C700%2C700italic%2C900%2C900italic|font_style:900%20bold%20regular%3A900%3Anormal&#8221;][vc_empty_space height=&#8221;70px&#8221;][\/vc_column][\/vc_row][\/vc_section][vc_section][vc_row][vc_column width=&#8221;1\/6&#8243;][\/vc_column][vc_column width=&#8221;2\/3&#8243;][vc_empty_space height=&#8221;50px&#8221;][vc_basic_grid post_type=&#8221;simbolos&#8221; max_items=&#8221;100&#8243; order=&#8221;ASC&#8221; item=&#8221;175389&#8243; initial_loading_animation=&#8221;none&#8221; grid_id=&#8221;vc_gid:1541865471120-91cb2b80-c21a-2&#8243;][vc_empty_space height=&#8221;50px&#8221;][\/vc_column][vc_column width=&#8221;1\/6&#8243;][\/vc_column][\/vc_row][\/vc_section]<\/p>\n","protected":false},"author":1,"featured_media":0,"parent":0,"menu_order":0,"comment_status":"closed","ping_status":"closed","template":"page-full.php","meta":[],"yoast_head":"<!-- This site is optimized with the Yoast SEO plugin v19.2 - https:\/\/yoast.com\/wordpress\/plugins\/seo\/ -->\n<title>S\u00edmbolos franciscanos - Carisma - Franciscanos<\/title>\n<meta name=\"robots\" content=\"index, follow, max-snippet:-1, max-image-preview:large, max-video-preview:-1\" \/>\n<link rel=\"canonical\" href=\"https:\/\/franciscanos.org.br\/carisma\/simbolos-franciscanos\" \/>\n<meta property=\"og:locale\" content=\"pt_BR\" \/>\n<meta property=\"og:type\" content=\"article\" \/>\n<meta property=\"og:title\" content=\"S\u00edmbolos franciscanos - Carisma - Franciscanos\" \/>\n<meta property=\"og:description\" content=\"[vc_section css=&#8221;.vc_custom_1541864804934{background-image: url(http:\/\/franciscanos.org.br\/carisma\/wp-content\/uploads\/2018\/11\/vector-vintage-style-grunge-background.jpg?id=175317) !important;background-position: center !important;background-repeat: no-repeat !important;background-size: cover !important;}&#8221;][vc_row][vc_column][vc_empty_space height=&#8221;50px&#8221;][vc_custom_heading text=&#8221;S\u00edmbolos franciscanos&#8221; font_container=&#8221;tag:h1|font_size:40px|text_align:center|color:%238c4600|line_height:40px&#8221; google_fonts=&#8221;font_family:Playfair%20Display%3Aregular%2Citalic%2C700%2C700italic%2C900%2C900italic|font_style:900%20bold%20regular%3A900%3Anormal&#8221;][vc_empty_space height=&#8221;70px&#8221;][\/vc_column][\/vc_row][\/vc_section][vc_section][vc_row][vc_column width=&#8221;1\/6&#8243;][\/vc_column][vc_column width=&#8221;2\/3&#8243;][vc_empty_space height=&#8221;50px&#8221;][vc_basic_grid post_type=&#8221;simbolos&#8221; max_items=&#8221;100&#8243; order=&#8221;ASC&#8221; item=&#8221;175389&#8243; initial_loading_animation=&#8221;none&#8221; grid_id=&#8221;vc_gid:1541865471120-91cb2b80-c21a-2&#8243;][vc_empty_space height=&#8221;50px&#8221;][\/vc_column][vc_column width=&#8221;1\/6&#8243;][\/vc_column][\/vc_row][\/vc_section]\" \/>\n<meta property=\"og:url\" content=\"https:\/\/franciscanos.org.br\/carisma\/simbolos-franciscanos\" \/>\n<meta property=\"og:site_name\" content=\"Carisma - Franciscanos\" \/>\n<meta property=\"article:modified_time\" content=\"2018-11-10T15:58:01+00:00\" \/>\n<meta name=\"author\" content=\"admin\" \/>\n<meta name=\"twitter:card\" content=\"summary_large_image\" \/>\n<meta name=\"twitter:label1\" content=\"Est. tempo de leitura\" \/>\n\t<meta name=\"twitter:data1\" content=\"1 minuto\" \/>\n<script type=\"application\/ld+json\" class=\"yoast-schema-graph\">{\"@context\":\"https:\/\/schema.org\",\"@graph\":[{\"@type\":\"WebSite\",\"@id\":\"https:\/\/franciscanos.org.br\/carisma\/#website\",\"url\":\"https:\/\/franciscanos.org.br\/carisma\/\",\"name\":\"Carisma - Franciscanos\",\"description\":\"Prov\u00edncia Franciscana da Imaculada Concei\u00e7\u00e3o do Brasil - Ordem dos Frades Menores\",\"potentialAction\":[{\"@type\":\"SearchAction\",\"target\":{\"@type\":\"EntryPoint\",\"urlTemplate\":\"https:\/\/franciscanos.org.br\/carisma\/?s={search_term_string}\"},\"query-input\":\"required name=search_term_string\"}],\"inLanguage\":\"pt-BR\"},{\"@type\":\"WebPage\",\"@id\":\"https:\/\/franciscanos.org.br\/carisma\/simbolos-franciscanos#webpage\",\"url\":\"https:\/\/franciscanos.org.br\/carisma\/simbolos-franciscanos\",\"name\":\"S\u00edmbolos franciscanos - Carisma - Franciscanos\",\"isPartOf\":{\"@id\":\"https:\/\/franciscanos.org.br\/carisma\/#website\"},\"datePublished\":\"2018-10-25T12:54:42+00:00\",\"dateModified\":\"2018-11-10T15:58:01+00:00\",\"breadcrumb\":{\"@id\":\"https:\/\/franciscanos.org.br\/carisma\/simbolos-franciscanos#breadcrumb\"},\"inLanguage\":\"pt-BR\",\"potentialAction\":[{\"@type\":\"ReadAction\",\"target\":[\"https:\/\/franciscanos.org.br\/carisma\/simbolos-franciscanos\"]}]},{\"@type\":\"BreadcrumbList\",\"@id\":\"https:\/\/franciscanos.org.br\/carisma\/simbolos-franciscanos#breadcrumb\",\"itemListElement\":[{\"@type\":\"ListItem\",\"position\":1,\"name\":\"Home\",\"item\":\"https:\/\/franciscanos.org.br\/carisma\"},{\"@type\":\"ListItem\",\"position\":2,\"name\":\"S\u00edmbolos franciscanos\"}]}]}<\/script>\n<!-- \/ Yoast SEO plugin. -->","yoast_head_json":{"title":"S\u00edmbolos franciscanos - Carisma - Franciscanos","robots":{"index":"index","follow":"follow","max-snippet":"max-snippet:-1","max-image-preview":"max-image-preview:large","max-video-preview":"max-video-preview:-1"},"canonical":"https:\/\/franciscanos.org.br\/carisma\/simbolos-franciscanos","og_locale":"pt_BR","og_type":"article","og_title":"S\u00edmbolos franciscanos - Carisma - Franciscanos","og_description":"[vc_section css=&#8221;.vc_custom_1541864804934{background-image: url(http:\/\/franciscanos.org.br\/carisma\/wp-content\/uploads\/2018\/11\/vector-vintage-style-grunge-background.jpg?id=175317) !important;background-position: center !important;background-repeat: no-repeat !important;background-size: cover !important;}&#8221;][vc_row][vc_column][vc_empty_space height=&#8221;50px&#8221;][vc_custom_heading text=&#8221;S\u00edmbolos franciscanos&#8221; font_container=&#8221;tag:h1|font_size:40px|text_align:center|color:%238c4600|line_height:40px&#8221; google_fonts=&#8221;font_family:Playfair%20Display%3Aregular%2Citalic%2C700%2C700italic%2C900%2C900italic|font_style:900%20bold%20regular%3A900%3Anormal&#8221;][vc_empty_space height=&#8221;70px&#8221;][\/vc_column][\/vc_row][\/vc_section][vc_section][vc_row][vc_column width=&#8221;1\/6&#8243;][\/vc_column][vc_column width=&#8221;2\/3&#8243;][vc_empty_space height=&#8221;50px&#8221;][vc_basic_grid post_type=&#8221;simbolos&#8221; max_items=&#8221;100&#8243; order=&#8221;ASC&#8221; item=&#8221;175389&#8243; initial_loading_animation=&#8221;none&#8221; grid_id=&#8221;vc_gid:1541865471120-91cb2b80-c21a-2&#8243;][vc_empty_space height=&#8221;50px&#8221;][\/vc_column][vc_column width=&#8221;1\/6&#8243;][\/vc_column][\/vc_row][\/vc_section]","og_url":"https:\/\/franciscanos.org.br\/carisma\/simbolos-franciscanos","og_site_name":"Carisma - Franciscanos","article_modified_time":"2018-11-10T15:58:01+00:00","author":"admin","twitter_card":"summary_large_image","twitter_misc":{"Est. tempo de leitura":"1 minuto"},"schema":{"@context":"https:\/\/schema.org","@graph":[{"@type":"WebSite","@id":"https:\/\/franciscanos.org.br\/carisma\/#website","url":"https:\/\/franciscanos.org.br\/carisma\/","name":"Carisma - Franciscanos","description":"Prov\u00edncia Franciscana da Imaculada Concei\u00e7\u00e3o do Brasil - Ordem dos Frades Menores","potentialAction":[{"@type":"SearchAction","target":{"@type":"EntryPoint","urlTemplate":"https:\/\/franciscanos.org.br\/carisma\/?s={search_term_string}"},"query-input":"required name=search_term_string"}],"inLanguage":"pt-BR"},{"@type":"WebPage","@id":"https:\/\/franciscanos.org.br\/carisma\/simbolos-franciscanos#webpage","url":"https:\/\/franciscanos.org.br\/carisma\/simbolos-franciscanos","name":"S\u00edmbolos franciscanos - Carisma - Franciscanos","isPartOf":{"@id":"https:\/\/franciscanos.org.br\/carisma\/#website"},"datePublished":"2018-10-25T12:54:42+00:00","dateModified":"2018-11-10T15:58:01+00:00","breadcrumb":{"@id":"https:\/\/franciscanos.org.br\/carisma\/simbolos-franciscanos#breadcrumb"},"inLanguage":"pt-BR","potentialAction":[{"@type":"ReadAction","target":["https:\/\/franciscanos.org.br\/carisma\/simbolos-franciscanos"]}]},{"@type":"BreadcrumbList","@id":"https:\/\/franciscanos.org.br\/carisma\/simbolos-franciscanos#breadcrumb","itemListElement":[{"@type":"ListItem","position":1,"name":"Home","item":"https:\/\/franciscanos.org.br\/carisma"},{"@type":"ListItem","position":2,"name":"S\u00edmbolos franciscanos"}]}]}},"_links":{"self":[{"href":"https:\/\/franciscanos.org.br\/carisma\/wp-json\/wp\/v2\/pages\/13477"}],"collection":[{"href":"https:\/\/franciscanos.org.br\/carisma\/wp-json\/wp\/v2\/pages"}],"about":[{"href":"https:\/\/franciscanos.org.br\/carisma\/wp-json\/wp\/v2\/types\/page"}],"author":[{"embeddable":true,"href":"https:\/\/franciscanos.org.br\/carisma\/wp-json\/wp\/v2\/users\/1"}],"replies":[{"embeddable":true,"href":"https:\/\/franciscanos.org.br\/carisma\/wp-json\/wp\/v2\/comments?post=13477"}],"version-history":[{"count":0,"href":"https:\/\/franciscanos.org.br\/carisma\/wp-json\/wp\/v2\/pages\/13477\/revisions"}],"wp:attachment":[{"href":"https:\/\/franciscanos.org.br\/carisma\/wp-json\/wp\/v2\/media?parent=13477"}],"curies":[{"name":"wp","href":"https:\/\/api.w.org\/{rel}","templated":true}]}}