{"id":174631,"date":"2018-10-17T23:34:09","date_gmt":"2018-10-18T02:34:09","guid":{"rendered":"http:\/\/franciscanos.org.br\/banca\/?page_id=174631"},"modified":"2018-11-12T10:23:57","modified_gmt":"2018-11-12T12:23:57","slug":"pagina-inicial","status":"publish","type":"page","link":"https:\/\/franciscanos.org.br\/banca\/","title":{"rendered":"P\u00e1gina inicial"},"content":{"rendered":"<p>[vc_row][vc_column][vc_masonry_grid post_type=&#8221;post&#8221; max_items=&#8221;4000&#8243; style=&#8221;load-more&#8221; items_per_page=&#8221;24&#8243; show_filter=&#8221;yes&#8221; element_width=&#8221;2&#8243; filter_style=&#8221;bordered-rounded-less&#8221; filter_color=&#8221;black&#8221; filter_size=&#8221;lg&#8221; item=&#8221;174732&#8243; initial_loading_animation=&#8221;fadeIn&#8221; grid_id=&#8221;vc_gid:1542025248954-2aea5440-b38b-2&#8243; filter_source=&#8221;category&#8221;][\/vc_column][\/vc_row]<\/p>\n","protected":false},"excerpt":{"rendered":"<p>[vc_row][vc_column][vc_masonry_grid post_type=&#8221;post&#8221; max_items=&#8221;4000&#8243; style=&#8221;load-more&#8221; items_per_page=&#8221;24&#8243; show_filter=&#8221;yes&#8221; element_width=&#8221;2&#8243; filter_style=&#8221;bordered-rounded-less&#8221; filter_color=&#8221;black&#8221; filter_size=&#8221;lg&#8221; item=&#8221;174732&#8243; initial_loading_animation=&#8221;fadeIn&#8221; grid_id=&#8221;vc_gid:1542025248954-2aea5440-b38b-2&#8243; filter_source=&#8221;category&#8221;][\/vc_column][\/vc_row]<\/p>\n","protected":false},"author":1,"featured_media":0,"parent":0,"menu_order":0,"comment_status":"closed","ping_status":"closed","template":"page-home.php","meta":{"footnotes":""},"acf":[],"yoast_head":"<!-- This site is optimized with the Yoast SEO plugin v19.2 - https:\/\/yoast.com\/wordpress\/plugins\/seo\/ -->\n<title>P\u00e1gina inicial - Banca - Franciscanos<\/title>\n<meta name=\"robots\" content=\"index, follow, max-snippet:-1, max-image-preview:large, max-video-preview:-1\" \/>\n<link rel=\"canonical\" href=\"https:\/\/franciscanos.org.br\/banca\/\" \/>\n<meta property=\"og:locale\" content=\"pt_BR\" \/>\n<meta property=\"og:type\" content=\"article\" \/>\n<meta property=\"og:title\" content=\"P\u00e1gina inicial - Banca - Franciscanos\" \/>\n<meta property=\"og:description\" content=\"[vc_row][vc_column][vc_masonry_grid post_type=&#8221;post&#8221; max_items=&#8221;4000&#8243; style=&#8221;load-more&#8221; items_per_page=&#8221;24&#8243; show_filter=&#8221;yes&#8221; element_width=&#8221;2&#8243; filter_style=&#8221;bordered-rounded-less&#8221; filter_color=&#8221;black&#8221; filter_size=&#8221;lg&#8221; item=&#8221;174732&#8243; initial_loading_animation=&#8221;fadeIn&#8221; grid_id=&#8221;vc_gid:1542025248954-2aea5440-b38b-2&#8243; filter_source=&#8221;category&#8221;][\/vc_column][\/vc_row]\" \/>\n<meta property=\"og:url\" content=\"https:\/\/franciscanos.org.br\/banca\/\" \/>\n<meta property=\"og:site_name\" content=\"Banca - Franciscanos\" \/>\n<meta property=\"article:modified_time\" content=\"2018-11-12T12:23:57+00:00\" \/>\n<meta name=\"author\" content=\"webmaster\" \/>\n<meta name=\"twitter:card\" content=\"summary_large_image\" \/>\n<script type=\"application\/ld+json\" class=\"yoast-schema-graph\">{\"@context\":\"https:\/\/schema.org\",\"@graph\":[{\"@type\":\"WebSite\",\"@id\":\"https:\/\/franciscanos.org.br\/banca\/#website\",\"url\":\"https:\/\/franciscanos.org.br\/banca\/\",\"name\":\"Banca - Franciscanos\",\"description\":\"Prov\u00edncia Franciscana da Imaculada Concei\u00e7\u00e3o do Brasil - Ordem dos Frades Menores\",\"potentialAction\":[{\"@type\":\"SearchAction\",\"target\":{\"@type\":\"EntryPoint\",\"urlTemplate\":\"https:\/\/franciscanos.org.br\/banca\/?s={search_term_string}\"},\"query-input\":\"required name=search_term_string\"}],\"inLanguage\":\"pt-BR\"},{\"@type\":\"WebPage\",\"@id\":\"https:\/\/franciscanos.org.br\/banca\/#webpage\",\"url\":\"https:\/\/franciscanos.org.br\/banca\/\",\"name\":\"P\u00e1gina inicial - Banca - Franciscanos\",\"isPartOf\":{\"@id\":\"https:\/\/franciscanos.org.br\/banca\/#website\"},\"datePublished\":\"2018-10-18T02:34:09+00:00\",\"dateModified\":\"2018-11-12T12:23:57+00:00\",\"breadcrumb\":{\"@id\":\"https:\/\/franciscanos.org.br\/banca\/#breadcrumb\"},\"inLanguage\":\"pt-BR\",\"potentialAction\":[{\"@type\":\"ReadAction\",\"target\":[\"https:\/\/franciscanos.org.br\/banca\/\"]}]},{\"@type\":\"BreadcrumbList\",\"@id\":\"https:\/\/franciscanos.org.br\/banca\/#breadcrumb\",\"itemListElement\":[{\"@type\":\"ListItem\",\"position\":1,\"name\":\"Home\",\"item\":\"https:\/\/franciscanos.org.br\/banca\/\"},{\"@type\":\"ListItem\",\"position\":2,\"name\":\"P\u00e1gina inicial\"}]}]}<\/script>\n<!-- \/ Yoast SEO plugin. -->","yoast_head_json":{"title":"P\u00e1gina inicial - Banca - Franciscanos","robots":{"index":"index","follow":"follow","max-snippet":"max-snippet:-1","max-image-preview":"max-image-preview:large","max-video-preview":"max-video-preview:-1"},"canonical":"https:\/\/franciscanos.org.br\/banca\/","og_locale":"pt_BR","og_type":"article","og_title":"P\u00e1gina inicial - Banca - Franciscanos","og_description":"[vc_row][vc_column][vc_masonry_grid post_type=&#8221;post&#8221; max_items=&#8221;4000&#8243; style=&#8221;load-more&#8221; items_per_page=&#8221;24&#8243; show_filter=&#8221;yes&#8221; element_width=&#8221;2&#8243; filter_style=&#8221;bordered-rounded-less&#8221; filter_color=&#8221;black&#8221; filter_size=&#8221;lg&#8221; item=&#8221;174732&#8243; initial_loading_animation=&#8221;fadeIn&#8221; grid_id=&#8221;vc_gid:1542025248954-2aea5440-b38b-2&#8243; filter_source=&#8221;category&#8221;][\/vc_column][\/vc_row]","og_url":"https:\/\/franciscanos.org.br\/banca\/","og_site_name":"Banca - Franciscanos","article_modified_time":"2018-11-12T12:23:57+00:00","author":"webmaster","twitter_card":"summary_large_image","schema":{"@context":"https:\/\/schema.org","@graph":[{"@type":"WebSite","@id":"https:\/\/franciscanos.org.br\/banca\/#website","url":"https:\/\/franciscanos.org.br\/banca\/","name":"Banca - Franciscanos","description":"Prov\u00edncia Franciscana da Imaculada Concei\u00e7\u00e3o do Brasil - Ordem dos Frades Menores","potentialAction":[{"@type":"SearchAction","target":{"@type":"EntryPoint","urlTemplate":"https:\/\/franciscanos.org.br\/banca\/?s={search_term_string}"},"query-input":"required name=search_term_string"}],"inLanguage":"pt-BR"},{"@type":"WebPage","@id":"https:\/\/franciscanos.org.br\/banca\/#webpage","url":"https:\/\/franciscanos.org.br\/banca\/","name":"P\u00e1gina inicial - Banca - Franciscanos","isPartOf":{"@id":"https:\/\/franciscanos.org.br\/banca\/#website"},"datePublished":"2018-10-18T02:34:09+00:00","dateModified":"2018-11-12T12:23:57+00:00","breadcrumb":{"@id":"https:\/\/franciscanos.org.br\/banca\/#breadcrumb"},"inLanguage":"pt-BR","potentialAction":[{"@type":"ReadAction","target":["https:\/\/franciscanos.org.br\/banca\/"]}]},{"@type":"BreadcrumbList","@id":"https:\/\/franciscanos.org.br\/banca\/#breadcrumb","itemListElement":[{"@type":"ListItem","position":1,"name":"Home","item":"https:\/\/franciscanos.org.br\/banca\/"},{"@type":"ListItem","position":2,"name":"P\u00e1gina inicial"}]}]}},"_links":{"self":[{"href":"https:\/\/franciscanos.org.br\/banca\/wp-json\/wp\/v2\/pages\/174631"}],"collection":[{"href":"https:\/\/franciscanos.org.br\/banca\/wp-json\/wp\/v2\/pages"}],"about":[{"href":"https:\/\/franciscanos.org.br\/banca\/wp-json\/wp\/v2\/types\/page"}],"author":[{"embeddable":true,"href":"https:\/\/franciscanos.org.br\/banca\/wp-json\/wp\/v2\/users\/1"}],"replies":[{"embeddable":true,"href":"https:\/\/franciscanos.org.br\/banca\/wp-json\/wp\/v2\/comments?post=174631"}],"version-history":[{"count":11,"href":"https:\/\/franciscanos.org.br\/banca\/wp-json\/wp\/v2\/pages\/174631\/revisions"}],"predecessor-version":[{"id":175106,"href":"https:\/\/franciscanos.org.br\/banca\/wp-json\/wp\/v2\/pages\/174631\/revisions\/175106"}],"wp:attachment":[{"href":"https:\/\/franciscanos.org.br\/banca\/wp-json\/wp\/v2\/media?parent=174631"}],"curies":[{"name":"wp","href":"https:\/\/api.w.org\/{rel}","templated":true}]}}